{"id":19817,"date":"2025-05-15T12:35:08","date_gmt":"2025-05-15T12:35:08","guid":{"rendered":"https:\/\/farmaciacrisia.ro\/?post_type=product&#038;p=19817"},"modified":"2025-08-13T09:34:18","modified_gmt":"2025-08-13T09:34:18","slug":"ser-de-corp-iluminator-150-ml","status":"publish","type":"product","link":"https:\/\/farmaciacrisia.ro\/fr\/produit\/ser-de-corp-iluminator-150-ml\/","title":{"rendered":"S\u00c9RUM CORPOREL ILLUMINANT <br>\u2013 150 ML"},"content":{"rendered":"","protected":false},"excerpt":{"rendered":"<p>Le s\u00e9rum corporel est un produit \u00e0 l&#039;effet \u00e9mollient, nourrissant et apaisant, \u00e0 la texture fine et d\u00e9licate. Il poss\u00e8de une action r\u00e9g\u00e9n\u00e9rante et protectrice, id\u00e9ale pour les peaux s\u00e8ches et sensibles. Les particules d&#039;or apportent luminosit\u00e9 et \u00e9clat \u00e0 la peau, accentuant le bronzage naturel et lui procurant un teint radieux.<\/p>","protected":false},"featured_media":20431,"template":"","meta":[],"product_brand":[],"product_cat":[15,580],"product_tag":[],"class_list":{"0":"post-19817","1":"product","2":"type-product","3":"status-publish","4":"has-post-thumbnail","6":"product_cat-uncategorized","7":"product_cat-cosmetice-traditionale","9":"first","10":"instock","11":"shipping-taxable","12":"purchasable","13":"product-type-simple"},"_links":{"self":[{"href":"https:\/\/farmaciacrisia.ro\/fr\/wp-json\/wp\/v2\/product\/19817","targetHints":{"allow":["GET"]}}],"collection":[{"href":"https:\/\/farmaciacrisia.ro\/fr\/wp-json\/wp\/v2\/product"}],"about":[{"href":"https:\/\/farmaciacrisia.ro\/fr\/wp-json\/wp\/v2\/types\/product"}],"version-history":[{"count":3,"href":"https:\/\/farmaciacrisia.ro\/fr\/wp-json\/wp\/v2\/product\/19817\/revisions"}],"predecessor-version":[{"id":20430,"href":"https:\/\/farmaciacrisia.ro\/fr\/wp-json\/wp\/v2\/product\/19817\/revisions\/20430"}],"wp:featuredmedia":[{"embeddable":true,"href":"https:\/\/farmaciacrisia.ro\/fr\/wp-json\/wp\/v2\/media\/20431"}],"wp:attachment":[{"href":"https:\/\/farmaciacrisia.ro\/fr\/wp-json\/wp\/v2\/media?parent=19817"}],"wp:term":[{"taxonomy":"product_brand","embeddable":true,"href":"https:\/\/farmaciacrisia.ro\/fr\/wp-json\/wp\/v2\/product_brand?post=19817"},{"taxonomy":"product_cat","embeddable":true,"href":"https:\/\/farmaciacrisia.ro\/fr\/wp-json\/wp\/v2\/product_cat?post=19817"},{"taxonomy":"product_tag","embeddable":true,"href":"https:\/\/farmaciacrisia.ro\/fr\/wp-json\/wp\/v2\/product_tag?post=19817"}],"curies":[{"name":"wp","href":"https:\/\/api.w.org\/{rel}","templated":true}]}}