{"id":19957,"date":"2025-07-25T07:43:43","date_gmt":"2025-07-25T07:43:43","guid":{"rendered":"https:\/\/farmaciacrisia.ro\/?post_type=product&#038;p=19957"},"modified":"2025-12-18T15:12:03","modified_gmt":"2025-12-18T15:12:03","slug":"crema-antirid-pentru-conturul-ochilor-30-ml","status":"publish","type":"product","link":"https:\/\/farmaciacrisia.ro\/fr\/produit\/crema-antirid-pentru-conturul-ochilor-30-ml\/","title":{"rendered":"CR\u00c8ME ANTI-RIDES POUR LE CONTOUR DES YEUX <br>\u2013 30 ML"},"content":{"rendered":"<p>La cr\u00e8me contour des yeux anti-rides att\u00e9nue les ridules et les rides d&#039;expression, procurant un effet lifting imm\u00e9diatement apr\u00e8s application. Elle stimule la synth\u00e8se de collag\u00e8ne et am\u00e9liore l&#039;\u00e9lasticit\u00e9 de la peau.<br \/>\n\u2713 Anti-\u00e2ge : pr\u00e9vient l\u2019apparition des signes du vieillissement pr\u00e9matur\u00e9.<br \/>\n\u2713 Antioxydant et anti-pollution : assure une protection contre le stress oxydatif.<br \/>\n\u2713 Sans parfum.<br \/>\n\u2713 Convient \u00e0 tous les types de peau.<\/p>","protected":false},"excerpt":{"rendered":"<p>Crema antirid pentru conturul ochilor reduce liniile fine si ridurile de expresie, oferind un efect de lifting imediat dupa aplicare. Stimuleaza sinteza de colagen si amelioreaza elasticitatea pielii. \u2713 Anti-aging: previne aparitia semnelor de imbatranire prematura. \u2713 Anti-oxidant si anti-poluare: [&hellip;]<\/p>\n","protected":false},"featured_media":20429,"template":"","meta":[],"product_brand":[],"product_cat":[15],"product_tag":[],"class_list":{"0":"post-19957","1":"product","2":"type-product","3":"status-publish","4":"has-post-thumbnail","6":"product_cat-uncategorized","8":"first","9":"instock","10":"shipping-taxable","11":"purchasable","12":"product-type-simple"},"_links":{"self":[{"href":"https:\/\/farmaciacrisia.ro\/fr\/wp-json\/wp\/v2\/product\/19957","targetHints":{"allow":["GET"]}}],"collection":[{"href":"https:\/\/farmaciacrisia.ro\/fr\/wp-json\/wp\/v2\/product"}],"about":[{"href":"https:\/\/farmaciacrisia.ro\/fr\/wp-json\/wp\/v2\/types\/product"}],"version-history":[{"count":7,"href":"https:\/\/farmaciacrisia.ro\/fr\/wp-json\/wp\/v2\/product\/19957\/revisions"}],"predecessor-version":[{"id":20331,"href":"https:\/\/farmaciacrisia.ro\/fr\/wp-json\/wp\/v2\/product\/19957\/revisions\/20331"}],"wp:featuredmedia":[{"embeddable":true,"href":"https:\/\/farmaciacrisia.ro\/fr\/wp-json\/wp\/v2\/media\/20429"}],"wp:attachment":[{"href":"https:\/\/farmaciacrisia.ro\/fr\/wp-json\/wp\/v2\/media?parent=19957"}],"wp:term":[{"taxonomy":"product_brand","embeddable":true,"href":"https:\/\/farmaciacrisia.ro\/fr\/wp-json\/wp\/v2\/product_brand?post=19957"},{"taxonomy":"product_cat","embeddable":true,"href":"https:\/\/farmaciacrisia.ro\/fr\/wp-json\/wp\/v2\/product_cat?post=19957"},{"taxonomy":"product_tag","embeddable":true,"href":"https:\/\/farmaciacrisia.ro\/fr\/wp-json\/wp\/v2\/product_tag?post=19957"}],"curies":[{"name":"wp","href":"https:\/\/api.w.org\/{rel}","templated":true}]}}