{"id":19960,"date":"2025-07-25T08:14:00","date_gmt":"2025-07-25T08:14:00","guid":{"rendered":"https:\/\/farmaciacrisia.ro\/?post_type=product&#038;p=19960"},"modified":"2025-12-18T15:11:49","modified_gmt":"2025-12-18T15:11:49","slug":"ser-iluminator-contur-ochi-cu-cafeina-30-ml","status":"publish","type":"product","link":"https:\/\/farmaciacrisia.ro\/fr\/produit\/ser-iluminator-contur-ochi-cu-cafeina-30-ml\/","title":{"rendered":"S\u00c9RUM ILLUMINATEUR CONTOUR DES YEUX \u00c0 LA CAF\u00c9INE \u2013 30 ML"},"content":{"rendered":"<p>S\u00e9rum contour des yeux illuminateur \u00e0 la caf\u00e9ine - r\u00e9duit les cernes et les poches sous les yeux, att\u00e9nue les ridules et les rides, a un effet anti-\u00e2ge en pr\u00e9venant l&#039;apparition des signes de vieillissement pr\u00e9matur\u00e9 et offre une protection antioxydante et anti-pollution contre le stress oxydatif.<\/p>\n<p>\u2713 Sans parfum<\/p>\n<p>\u2713 Convient \u00e0 tous les types de peau.<\/p>","protected":false},"excerpt":{"rendered":"<p>Ser iluminator contur ochi cu cafeina &#8211; reduce cearcanele si pungile de sub ochi, diminueaza liniile fine si ridurile, are efect anti-aging prin prevenirea aparitiei semnelor de imbatranire prematura si ofera protectie antioxidanta si anti-poluare impotriva stresului oxidativ. \u2713 Fara [&hellip;]<\/p>\n","protected":false},"featured_media":20428,"template":"","meta":[],"product_brand":[],"product_cat":[15],"product_tag":[],"class_list":{"0":"post-19960","1":"product","2":"type-product","3":"status-publish","4":"has-post-thumbnail","6":"product_cat-uncategorized","8":"first","9":"instock","10":"shipping-taxable","11":"purchasable","12":"product-type-simple"},"_links":{"self":[{"href":"https:\/\/farmaciacrisia.ro\/fr\/wp-json\/wp\/v2\/product\/19960","targetHints":{"allow":["GET"]}}],"collection":[{"href":"https:\/\/farmaciacrisia.ro\/fr\/wp-json\/wp\/v2\/product"}],"about":[{"href":"https:\/\/farmaciacrisia.ro\/fr\/wp-json\/wp\/v2\/types\/product"}],"version-history":[{"count":5,"href":"https:\/\/farmaciacrisia.ro\/fr\/wp-json\/wp\/v2\/product\/19960\/revisions"}],"predecessor-version":[{"id":20299,"href":"https:\/\/farmaciacrisia.ro\/fr\/wp-json\/wp\/v2\/product\/19960\/revisions\/20299"}],"wp:featuredmedia":[{"embeddable":true,"href":"https:\/\/farmaciacrisia.ro\/fr\/wp-json\/wp\/v2\/media\/20428"}],"wp:attachment":[{"href":"https:\/\/farmaciacrisia.ro\/fr\/wp-json\/wp\/v2\/media?parent=19960"}],"wp:term":[{"taxonomy":"product_brand","embeddable":true,"href":"https:\/\/farmaciacrisia.ro\/fr\/wp-json\/wp\/v2\/product_brand?post=19960"},{"taxonomy":"product_cat","embeddable":true,"href":"https:\/\/farmaciacrisia.ro\/fr\/wp-json\/wp\/v2\/product_cat?post=19960"},{"taxonomy":"product_tag","embeddable":true,"href":"https:\/\/farmaciacrisia.ro\/fr\/wp-json\/wp\/v2\/product_tag?post=19960"}],"curies":[{"name":"wp","href":"https:\/\/api.w.org\/{rel}","templated":true}]}}