{"id":19962,"date":"2025-07-25T08:33:33","date_gmt":"2025-07-25T08:33:33","guid":{"rendered":"https:\/\/farmaciacrisia.ro\/?post_type=product&#038;p=19962"},"modified":"2026-01-14T14:21:28","modified_gmt":"2026-01-14T14:21:28","slug":"crema-nutritiva-pentru-ten-sensibil-50-ml","status":"publish","type":"product","link":"https:\/\/farmaciacrisia.ro\/fr\/produit\/crema-nutritiva-pentru-ten-sensibil-50-ml\/","title":{"rendered":"Cr\u00e8me nourrissante pour peaux sensibles \u2013 50 ml"},"content":{"rendered":"<p>La cr\u00e8me nourrissante pour peaux sensibles est une cr\u00e8me \u00e9molliente qui nourrit et adoucit la peau, a une action antioxydante, prot\u00e8ge des radicaux libres et de la pollution, gardant la peau souple et lumineuse.<\/p>\n<p>\u2713 Sans parfum<\/p>\n<p>\u2713 Convient aux peaux normales ou s\u00e8ches, y compris les peaux sensibles.<\/p>","protected":false},"excerpt":{"rendered":"<p>Crema nutritiva pentru ten sensibil este o crema emolienta care hraneste si catifeleaza pielea, are actiune antioxidanta, protejeaza impotriva radicalilor liberi si a poluarii, mentinand pielea supla si luminoasa. \u2713 Fara parfum \u2713 Potrivita pentru ten normal sau uscat, inclusiv [&hellip;]<\/p>\n","protected":false},"featured_media":20427,"template":"","meta":[],"product_brand":[],"product_cat":[15],"product_tag":[],"class_list":{"0":"post-19962","1":"product","2":"type-product","3":"status-publish","4":"has-post-thumbnail","6":"product_cat-uncategorized","8":"first","9":"instock","10":"shipping-taxable","11":"purchasable","12":"product-type-simple"},"_links":{"self":[{"href":"https:\/\/farmaciacrisia.ro\/fr\/wp-json\/wp\/v2\/product\/19962","targetHints":{"allow":["GET"]}}],"collection":[{"href":"https:\/\/farmaciacrisia.ro\/fr\/wp-json\/wp\/v2\/product"}],"about":[{"href":"https:\/\/farmaciacrisia.ro\/fr\/wp-json\/wp\/v2\/types\/product"}],"version-history":[{"count":9,"href":"https:\/\/farmaciacrisia.ro\/fr\/wp-json\/wp\/v2\/product\/19962\/revisions"}],"predecessor-version":[{"id":20330,"href":"https:\/\/farmaciacrisia.ro\/fr\/wp-json\/wp\/v2\/product\/19962\/revisions\/20330"}],"wp:featuredmedia":[{"embeddable":true,"href":"https:\/\/farmaciacrisia.ro\/fr\/wp-json\/wp\/v2\/media\/20427"}],"wp:attachment":[{"href":"https:\/\/farmaciacrisia.ro\/fr\/wp-json\/wp\/v2\/media?parent=19962"}],"wp:term":[{"taxonomy":"product_brand","embeddable":true,"href":"https:\/\/farmaciacrisia.ro\/fr\/wp-json\/wp\/v2\/product_brand?post=19962"},{"taxonomy":"product_cat","embeddable":true,"href":"https:\/\/farmaciacrisia.ro\/fr\/wp-json\/wp\/v2\/product_cat?post=19962"},{"taxonomy":"product_tag","embeddable":true,"href":"https:\/\/farmaciacrisia.ro\/fr\/wp-json\/wp\/v2\/product_tag?post=19962"}],"curies":[{"name":"wp","href":"https:\/\/api.w.org\/{rel}","templated":true}]}}