{"id":19964,"date":"2025-07-25T08:47:45","date_gmt":"2025-07-25T08:47:45","guid":{"rendered":"https:\/\/farmaciacrisia.ro\/?post_type=product&#038;p=19964"},"modified":"2025-12-18T15:11:04","modified_gmt":"2025-12-18T15:11:04","slug":"crema-antirid-cu-peptide-si-acid-hialuronic-50-ml","status":"publish","type":"product","link":"https:\/\/farmaciacrisia.ro\/fr\/produit\/crema-antirid-cu-peptide-si-acid-hialuronic-50-ml\/","title":{"rendered":"Cr\u00e8me anti-rides aux peptides et \u00e0 l&#039;acide hyaluronique \u2013 50 ml"},"content":{"rendered":"<p>La cr\u00e8me anti-rides aux peptides et \u00e0 l&#039;acide hyaluronique stimule la synth\u00e8se de collag\u00e8ne et d&#039;\u00e9lastine, soutient le teint et la fermet\u00e9 de la peau, lisse les rides, am\u00e9liore la qualit\u00e9 et l&#039;apparence de la peau et procure une hydratation longue dur\u00e9e.<br \/>\n\u2713 Convient aux peaux matures, normales ou s\u00e8ches.<\/p>","protected":false},"excerpt":{"rendered":"<p>Cr\u00e8me anti-rides aux peptides et \u00e0 l&#039;acide hyaluronique stimule la synth\u00e8se de collag\u00e8ne et d&#039;\u00e9lastine, soutient le teint et la fermet\u00e9 de la peau, lisse les rides, am\u00e9liore la qualit\u00e9 et l&#039;apparence de la peau et procure une hydratation longue dur\u00e9e. \u2713 Convient aux peaux matures, normales ou s\u00e8ches.<\/p>","protected":false},"featured_media":20426,"template":"","meta":[],"product_brand":[],"product_cat":[15],"product_tag":[],"class_list":{"0":"post-19964","1":"product","2":"type-product","3":"status-publish","4":"has-post-thumbnail","6":"product_cat-uncategorized","8":"first","9":"instock","10":"shipping-taxable","11":"purchasable","12":"product-type-simple"},"_links":{"self":[{"href":"https:\/\/farmaciacrisia.ro\/fr\/wp-json\/wp\/v2\/product\/19964","targetHints":{"allow":["GET"]}}],"collection":[{"href":"https:\/\/farmaciacrisia.ro\/fr\/wp-json\/wp\/v2\/product"}],"about":[{"href":"https:\/\/farmaciacrisia.ro\/fr\/wp-json\/wp\/v2\/types\/product"}],"version-history":[{"count":9,"href":"https:\/\/farmaciacrisia.ro\/fr\/wp-json\/wp\/v2\/product\/19964\/revisions"}],"predecessor-version":[{"id":20329,"href":"https:\/\/farmaciacrisia.ro\/fr\/wp-json\/wp\/v2\/product\/19964\/revisions\/20329"}],"wp:featuredmedia":[{"embeddable":true,"href":"https:\/\/farmaciacrisia.ro\/fr\/wp-json\/wp\/v2\/media\/20426"}],"wp:attachment":[{"href":"https:\/\/farmaciacrisia.ro\/fr\/wp-json\/wp\/v2\/media?parent=19964"}],"wp:term":[{"taxonomy":"product_brand","embeddable":true,"href":"https:\/\/farmaciacrisia.ro\/fr\/wp-json\/wp\/v2\/product_brand?post=19964"},{"taxonomy":"product_cat","embeddable":true,"href":"https:\/\/farmaciacrisia.ro\/fr\/wp-json\/wp\/v2\/product_cat?post=19964"},{"taxonomy":"product_tag","embeddable":true,"href":"https:\/\/farmaciacrisia.ro\/fr\/wp-json\/wp\/v2\/product_tag?post=19964"}],"curies":[{"name":"wp","href":"https:\/\/api.w.org\/{rel}","templated":true}]}}