{"id":19966,"date":"2025-07-25T09:01:49","date_gmt":"2025-07-25T09:01:49","guid":{"rendered":"https:\/\/farmaciacrisia.ro\/?post_type=product&#038;p=19966"},"modified":"2025-12-18T15:10:38","modified_gmt":"2025-12-18T15:10:38","slug":"ser-anti-aging-cu-peptide-30-ml","status":"publish","type":"product","link":"https:\/\/farmaciacrisia.ro\/fr\/produit\/ser-anti-aging-cu-peptide-30-ml\/","title":{"rendered":"S\u00c9RUM ANTI-\u00c2GE AUX PEPTIDES <br>\u2013 30 ML"},"content":{"rendered":"<p>S\u00e9rum anti-\u00e2ge aux peptides - pr\u00e9vient l&#039;apparition des signes de vieillissement pr\u00e9matur\u00e9, maintient l&#039;\u00e9lasticit\u00e9 et la fermet\u00e9 de la peau, a un effet lifting, soutient la synth\u00e8se du collag\u00e8ne et offre une protection antioxydante et anti-pollution.<\/p>\n<p>\u2713 Convient \u00e0 tous les types de peau<\/p>","protected":false},"excerpt":{"rendered":"<p>S\u00e9rum anti-\u00e2ge aux peptides \u2013 pr\u00e9vient l&#039;apparition des signes du vieillissement pr\u00e9matur\u00e9, maintient l&#039;\u00e9lasticit\u00e9 et la fermet\u00e9 de la peau, a un effet liftant, favorise la synth\u00e8se de collag\u00e8ne et offre une protection antioxydante et anti-pollution. \u2713 Convient \u00e0 tous les types de peau<\/p>","protected":false},"featured_media":20425,"template":"","meta":[],"product_brand":[],"product_cat":[15],"product_tag":[],"class_list":{"0":"post-19966","1":"product","2":"type-product","3":"status-publish","4":"has-post-thumbnail","6":"product_cat-uncategorized","8":"first","9":"instock","10":"shipping-taxable","11":"purchasable","12":"product-type-simple"},"_links":{"self":[{"href":"https:\/\/farmaciacrisia.ro\/fr\/wp-json\/wp\/v2\/product\/19966","targetHints":{"allow":["GET"]}}],"collection":[{"href":"https:\/\/farmaciacrisia.ro\/fr\/wp-json\/wp\/v2\/product"}],"about":[{"href":"https:\/\/farmaciacrisia.ro\/fr\/wp-json\/wp\/v2\/types\/product"}],"version-history":[{"count":7,"href":"https:\/\/farmaciacrisia.ro\/fr\/wp-json\/wp\/v2\/product\/19966\/revisions"}],"predecessor-version":[{"id":20298,"href":"https:\/\/farmaciacrisia.ro\/fr\/wp-json\/wp\/v2\/product\/19966\/revisions\/20298"}],"wp:featuredmedia":[{"embeddable":true,"href":"https:\/\/farmaciacrisia.ro\/fr\/wp-json\/wp\/v2\/media\/20425"}],"wp:attachment":[{"href":"https:\/\/farmaciacrisia.ro\/fr\/wp-json\/wp\/v2\/media?parent=19966"}],"wp:term":[{"taxonomy":"product_brand","embeddable":true,"href":"https:\/\/farmaciacrisia.ro\/fr\/wp-json\/wp\/v2\/product_brand?post=19966"},{"taxonomy":"product_cat","embeddable":true,"href":"https:\/\/farmaciacrisia.ro\/fr\/wp-json\/wp\/v2\/product_cat?post=19966"},{"taxonomy":"product_tag","embeddable":true,"href":"https:\/\/farmaciacrisia.ro\/fr\/wp-json\/wp\/v2\/product_tag?post=19966"}],"curies":[{"name":"wp","href":"https:\/\/api.w.org\/{rel}","templated":true}]}}