{"id":19968,"date":"2025-07-25T09:12:27","date_gmt":"2025-07-25T09:12:27","guid":{"rendered":"https:\/\/farmaciacrisia.ro\/?post_type=product&#038;p=19968"},"modified":"2026-01-26T14:27:32","modified_gmt":"2026-01-26T14:27:32","slug":"ser-antioxidant-cu-vitamina-c-5-30-ml","status":"publish","type":"product","link":"https:\/\/farmaciacrisia.ro\/fr\/produit\/ser-antioxidant-cu-vitamina-c-5-30-ml\/","title":{"rendered":"S\u00c9RUM ANTIOXYDANT \u00c0 LA VITAMINE C 5% \u2013 30 ML"},"content":{"rendered":"<p>S\u00e9rum antioxydant \u00e0 la vitamine C \u2013 A un effet antioxydant\u00a0: il neutralise les radicaux libres et prot\u00e8ge la peau du stress oxydatif. Il stimule la synth\u00e8se de collag\u00e8ne, a une action anti-\u00e2ge, pr\u00e9vient l&#039;apparition des signes de vieillissement pr\u00e9matur\u00e9 et contribue \u00e0 att\u00e9nuer les rides. Son effet illuminateur att\u00e9nue les taches pigmentaires et unifie le teint, procurant un teint \u00e9clatant.<strong><br \/>\n<\/strong>\u2713 Convient \u00e0 tous les types de peau.<\/p>","protected":false},"excerpt":{"rendered":"<p>Ser antioxidant cu Vitamina C &#8211; are efect antioxidant: neutralizeaza radicalii liberi, protejand pielea impotriva stresului oxidativ. Stimuleaza sinteza de colagen din piele, are actiune anti-aging, previne aparitia semnelor de imbatranire prematura si ajuta la diminuarea ridurilor, iar efectul iluminator [&hellip;]<\/p>\n","protected":false},"featured_media":20424,"template":"","meta":[],"product_brand":[],"product_cat":[15],"product_tag":[],"class_list":{"0":"post-19968","1":"product","2":"type-product","3":"status-publish","4":"has-post-thumbnail","6":"product_cat-uncategorized","8":"first","9":"instock","10":"shipping-taxable","11":"purchasable","12":"product-type-simple"},"_links":{"self":[{"href":"https:\/\/farmaciacrisia.ro\/fr\/wp-json\/wp\/v2\/product\/19968","targetHints":{"allow":["GET"]}}],"collection":[{"href":"https:\/\/farmaciacrisia.ro\/fr\/wp-json\/wp\/v2\/product"}],"about":[{"href":"https:\/\/farmaciacrisia.ro\/fr\/wp-json\/wp\/v2\/types\/product"}],"version-history":[{"count":5,"href":"https:\/\/farmaciacrisia.ro\/fr\/wp-json\/wp\/v2\/product\/19968\/revisions"}],"predecessor-version":[{"id":20313,"href":"https:\/\/farmaciacrisia.ro\/fr\/wp-json\/wp\/v2\/product\/19968\/revisions\/20313"}],"wp:featuredmedia":[{"embeddable":true,"href":"https:\/\/farmaciacrisia.ro\/fr\/wp-json\/wp\/v2\/media\/20424"}],"wp:attachment":[{"href":"https:\/\/farmaciacrisia.ro\/fr\/wp-json\/wp\/v2\/media?parent=19968"}],"wp:term":[{"taxonomy":"product_brand","embeddable":true,"href":"https:\/\/farmaciacrisia.ro\/fr\/wp-json\/wp\/v2\/product_brand?post=19968"},{"taxonomy":"product_cat","embeddable":true,"href":"https:\/\/farmaciacrisia.ro\/fr\/wp-json\/wp\/v2\/product_cat?post=19968"},{"taxonomy":"product_tag","embeddable":true,"href":"https:\/\/farmaciacrisia.ro\/fr\/wp-json\/wp\/v2\/product_tag?post=19968"}],"curies":[{"name":"wp","href":"https:\/\/api.w.org\/{rel}","templated":true}]}}