{"id":19970,"date":"2025-07-25T09:18:11","date_gmt":"2025-07-25T09:18:11","guid":{"rendered":"https:\/\/farmaciacrisia.ro\/?post_type=product&#038;p=19970"},"modified":"2026-03-04T14:32:53","modified_gmt":"2026-03-04T14:32:53","slug":"ser-nutritiv-cu-squalan-si-vitamina-e-30-ml","status":"publish","type":"product","link":"https:\/\/farmaciacrisia.ro\/fr\/produit\/ser-nutritiv-cu-squalan-si-vitamina-e-30-ml\/","title":{"rendered":"S\u00c9RUM NUTRITIONNEL AU SQUALAN ET \u00c0 LA VITAMINE E \u2013 30 ML"},"content":{"rendered":"<p>S\u00e9rum nourrissant au squalane et \u00e0 la vitamine E - aide \u00e0 restaurer la barri\u00e8re cutan\u00e9e, a un effet \u00e9mollient et restaure la souplesse de la peau, r\u00e9duit la perte d&#039;eau trans\u00e9pidermique, a une action antioxydante, r\u00e9g\u00e9n\u00e9rante et r\u00e9paratrice.<strong><br \/>\n<\/strong>\u2713 Convient aux peaux normales, mixtes ou s\u00e8ches.<\/p>","protected":false},"excerpt":{"rendered":"<p>S\u00e9rum nourrissant au squalane et \u00e0 la vitamine E \u2013 contribue \u00e0 restaurer la barri\u00e8re cutan\u00e9e, poss\u00e8de un effet \u00e9mollient et redonne souplesse \u00e0 la peau, r\u00e9duit la perte insensible en eau, et a une action antioxydante, r\u00e9g\u00e9n\u00e9rante et r\u00e9paratrice. \u2713 Convient aux peaux normales, mixtes ou s\u00e8ches.<\/p>","protected":false},"featured_media":20423,"template":"","meta":[],"product_brand":[],"product_cat":[15],"product_tag":[],"class_list":{"0":"post-19970","1":"product","2":"type-product","3":"status-publish","4":"has-post-thumbnail","6":"product_cat-uncategorized","7":"fc-lipsa","9":"first","10":"lipsa","11":"shipping-taxable","12":"product-type-simple"},"_links":{"self":[{"href":"https:\/\/farmaciacrisia.ro\/fr\/wp-json\/wp\/v2\/product\/19970","targetHints":{"allow":["GET"]}}],"collection":[{"href":"https:\/\/farmaciacrisia.ro\/fr\/wp-json\/wp\/v2\/product"}],"about":[{"href":"https:\/\/farmaciacrisia.ro\/fr\/wp-json\/wp\/v2\/types\/product"}],"version-history":[{"count":5,"href":"https:\/\/farmaciacrisia.ro\/fr\/wp-json\/wp\/v2\/product\/19970\/revisions"}],"predecessor-version":[{"id":22788,"href":"https:\/\/farmaciacrisia.ro\/fr\/wp-json\/wp\/v2\/product\/19970\/revisions\/22788"}],"wp:featuredmedia":[{"embeddable":true,"href":"https:\/\/farmaciacrisia.ro\/fr\/wp-json\/wp\/v2\/media\/20423"}],"wp:attachment":[{"href":"https:\/\/farmaciacrisia.ro\/fr\/wp-json\/wp\/v2\/media?parent=19970"}],"wp:term":[{"taxonomy":"product_brand","embeddable":true,"href":"https:\/\/farmaciacrisia.ro\/fr\/wp-json\/wp\/v2\/product_brand?post=19970"},{"taxonomy":"product_cat","embeddable":true,"href":"https:\/\/farmaciacrisia.ro\/fr\/wp-json\/wp\/v2\/product_cat?post=19970"},{"taxonomy":"product_tag","embeddable":true,"href":"https:\/\/farmaciacrisia.ro\/fr\/wp-json\/wp\/v2\/product_tag?post=19970"}],"curies":[{"name":"wp","href":"https:\/\/api.w.org\/{rel}","templated":true}]}}