{"id":19974,"date":"2025-07-25T11:06:24","date_gmt":"2025-07-25T11:06:24","guid":{"rendered":"https:\/\/farmaciacrisia.ro\/?post_type=product&#038;p=19974"},"modified":"2025-12-18T15:09:52","modified_gmt":"2025-12-18T15:09:52","slug":"apa-micelara-pentru-ten-sensibil-250-ml","status":"publish","type":"product","link":"https:\/\/farmaciacrisia.ro\/fr\/produit\/apa-micelara-pentru-ten-sensibil-250-ml\/","title":{"rendered":"EAU MICELLAIRE \u2013 PEAUX SENSIBLES \u2013 250 ML"},"content":{"rendered":"<p>L&#039;eau micellaire pour peaux sensibles \u00e9limine efficacement le maquillage et les impuret\u00e9s accumul\u00e9es \u00e0 la surface de la peau. Sa formule douce, enrichie d&#039;un agent nettoyant d&#039;origine naturelle, ne dess\u00e8che pas la peau.<\/p>\n<p>\u2713 Formul\u00e9 sans parfum<\/p>\n<p>\u2713 N&#039;irrite pas les yeux<\/p>\n<p>\u2713 Convient \u00e0 tous les types de peau.<\/p>","protected":false},"excerpt":{"rendered":"<p>Apa micelara pentru ten sensibil indeparteaza eficient machiajul si impuritatile acumulate pe suprafata pielii. Are o formula blanda, cu agent de curatare de origine naturala, care nu usuca pielea. \u2713 Formulata fara parfum \u2713 Nu irita ochii \u2713 Potrivit pentru [&hellip;]<\/p>\n","protected":false},"featured_media":20422,"template":"","meta":[],"product_brand":[],"product_cat":[15],"product_tag":[],"class_list":{"0":"post-19974","1":"product","2":"type-product","3":"status-publish","4":"has-post-thumbnail","6":"product_cat-uncategorized","8":"first","9":"instock","10":"shipping-taxable","11":"purchasable","12":"product-type-simple"},"_links":{"self":[{"href":"https:\/\/farmaciacrisia.ro\/fr\/wp-json\/wp\/v2\/product\/19974","targetHints":{"allow":["GET"]}}],"collection":[{"href":"https:\/\/farmaciacrisia.ro\/fr\/wp-json\/wp\/v2\/product"}],"about":[{"href":"https:\/\/farmaciacrisia.ro\/fr\/wp-json\/wp\/v2\/types\/product"}],"version-history":[{"count":6,"href":"https:\/\/farmaciacrisia.ro\/fr\/wp-json\/wp\/v2\/product\/19974\/revisions"}],"predecessor-version":[{"id":20292,"href":"https:\/\/farmaciacrisia.ro\/fr\/wp-json\/wp\/v2\/product\/19974\/revisions\/20292"}],"wp:featuredmedia":[{"embeddable":true,"href":"https:\/\/farmaciacrisia.ro\/fr\/wp-json\/wp\/v2\/media\/20422"}],"wp:attachment":[{"href":"https:\/\/farmaciacrisia.ro\/fr\/wp-json\/wp\/v2\/media?parent=19974"}],"wp:term":[{"taxonomy":"product_brand","embeddable":true,"href":"https:\/\/farmaciacrisia.ro\/fr\/wp-json\/wp\/v2\/product_brand?post=19974"},{"taxonomy":"product_cat","embeddable":true,"href":"https:\/\/farmaciacrisia.ro\/fr\/wp-json\/wp\/v2\/product_cat?post=19974"},{"taxonomy":"product_tag","embeddable":true,"href":"https:\/\/farmaciacrisia.ro\/fr\/wp-json\/wp\/v2\/product_tag?post=19974"}],"curies":[{"name":"wp","href":"https:\/\/api.w.org\/{rel}","templated":true}]}}