{"id":20088,"date":"2025-08-05T08:05:33","date_gmt":"2025-08-05T08:05:33","guid":{"rendered":"https:\/\/farmaciacrisia.ro\/?post_type=product&#038;p=20088"},"modified":"2025-08-05T08:43:38","modified_gmt":"2025-08-05T08:43:38","slug":"termometru-medical-clasic-fara-mercur-vedoeco-plus","status":"publish","type":"product","link":"https:\/\/farmaciacrisia.ro\/fr\/produit\/termometru-medical-clasic-fara-mercur-vedoeco-plus\/","title":{"rendered":"Thermom\u00e8tre m\u00e9dical classique sans mercure VedoEco PLUS"},"content":{"rendered":"<p>Le thermom\u00e8tre m\u00e9dical classique sans mercure PiC Solution \u2013 VedoEco Plus contient un alliage m\u00e9tallique brevet\u00e9 compos\u00e9 de gallium, d&#039;indium et d&#039;\u00e9tain, une combinaison appel\u00e9e Galinstan. Cet alliage est totalement non toxique et respectueux de l&#039;environnement, garantissant une utilisation s\u00fbre du thermom\u00e8tre classique en verre VedoEco Plus. Sans pile, il est extr\u00eamement pr\u00e9cis et fiable, et le fabricant offre une garantie illimit\u00e9e.<br \/>\nThermom\u00e8tre m\u00e9dical classique sans mercure PiC Solution \u2013 VedoEcoplus\u00a0: mesure la temp\u00e9rature corporelle de 35,5\u00a0\u00b0C \u00e0 42,0\u00a0\u00b0C (tol\u00e9rance \u00b1\u00a00,1\u00a0\u00b0C de 35,5\u00a0\u00b0C \u00e0 42,0\u00a0\u00b0C). Tous les thermom\u00e8tres PiC Solution sont cliniquement test\u00e9s et valid\u00e9s, et sont fabriqu\u00e9s selon les normes de qualit\u00e9 les plus strictes.<\/p>","protected":false},"excerpt":{"rendered":"<p>Termometru medical clasic fara mercur PiC Solution \u2013 VedoEco plus contine un aliaj de metal brevetat, care consta din galiu, indiu si staniu \u2013 combinatie numita Galinstan. Aliajul Galinstan este complet netoxic si ecologic, asigurand utilizarea in deplina siguranta a [&hellip;]<\/p>\n","protected":false},"featured_media":20090,"template":"","meta":[],"product_brand":[],"product_cat":[15],"product_tag":[],"class_list":{"0":"post-20088","1":"product","2":"type-product","3":"status-publish","4":"has-post-thumbnail","6":"product_cat-uncategorized","8":"first","9":"instock","10":"shipping-taxable","11":"purchasable","12":"product-type-simple"},"_links":{"self":[{"href":"https:\/\/farmaciacrisia.ro\/fr\/wp-json\/wp\/v2\/product\/20088","targetHints":{"allow":["GET"]}}],"collection":[{"href":"https:\/\/farmaciacrisia.ro\/fr\/wp-json\/wp\/v2\/product"}],"about":[{"href":"https:\/\/farmaciacrisia.ro\/fr\/wp-json\/wp\/v2\/types\/product"}],"version-history":[{"count":1,"href":"https:\/\/farmaciacrisia.ro\/fr\/wp-json\/wp\/v2\/product\/20088\/revisions"}],"predecessor-version":[{"id":20089,"href":"https:\/\/farmaciacrisia.ro\/fr\/wp-json\/wp\/v2\/product\/20088\/revisions\/20089"}],"wp:featuredmedia":[{"embeddable":true,"href":"https:\/\/farmaciacrisia.ro\/fr\/wp-json\/wp\/v2\/media\/20090"}],"wp:attachment":[{"href":"https:\/\/farmaciacrisia.ro\/fr\/wp-json\/wp\/v2\/media?parent=20088"}],"wp:term":[{"taxonomy":"product_brand","embeddable":true,"href":"https:\/\/farmaciacrisia.ro\/fr\/wp-json\/wp\/v2\/product_brand?post=20088"},{"taxonomy":"product_cat","embeddable":true,"href":"https:\/\/farmaciacrisia.ro\/fr\/wp-json\/wp\/v2\/product_cat?post=20088"},{"taxonomy":"product_tag","embeddable":true,"href":"https:\/\/farmaciacrisia.ro\/fr\/wp-json\/wp\/v2\/product_tag?post=20088"}],"curies":[{"name":"wp","href":"https:\/\/api.w.org\/{rel}","templated":true}]}}