{"id":20119,"date":"2025-08-07T09:02:56","date_gmt":"2025-08-07T09:02:56","guid":{"rendered":"https:\/\/farmaciacrisia.ro\/?post_type=product&#038;p=20119"},"modified":"2025-08-13T08:12:07","modified_gmt":"2025-08-13T08:12:07","slug":"tratament-pentru-cuticule-10-ml","status":"publish","type":"product","link":"https:\/\/farmaciacrisia.ro\/fr\/produit\/tratament-pentru-cuticule-10-ml\/","title":{"rendered":"TRAITEMENT DES CUTICULES \u2013 10 ML"},"content":{"rendered":"<p>Ce soin nourrissant pour cuticules contribue \u00e0 maintenir des cuticules hydrat\u00e9es et saines. Ce produit est con\u00e7u pour les personnes dont les cuticules sont ab\u00eem\u00e9es, irr\u00e9guli\u00e8res et fines, avec un aspect irr\u00e9gulier.<\/p>","protected":false},"excerpt":{"rendered":"<p>Ce soin nourrissant pour cuticules contribue \u00e0 maintenir des cuticules hydrat\u00e9es et saines. Ce produit est con\u00e7u pour les personnes dont les cuticules sont ab\u00eem\u00e9es, irr\u00e9guli\u00e8res et fines, avec un aspect irr\u00e9gulier.<\/p>","protected":false},"featured_media":20350,"template":"","meta":[],"product_brand":[],"product_cat":[15,580],"product_tag":[],"class_list":{"0":"post-20119","1":"product","2":"type-product","3":"status-publish","4":"has-post-thumbnail","6":"product_cat-uncategorized","7":"product_cat-cosmetice-traditionale","9":"first","10":"instock","11":"shipping-taxable","12":"purchasable","13":"product-type-simple"},"_links":{"self":[{"href":"https:\/\/farmaciacrisia.ro\/fr\/wp-json\/wp\/v2\/product\/20119","targetHints":{"allow":["GET"]}}],"collection":[{"href":"https:\/\/farmaciacrisia.ro\/fr\/wp-json\/wp\/v2\/product"}],"about":[{"href":"https:\/\/farmaciacrisia.ro\/fr\/wp-json\/wp\/v2\/types\/product"}],"version-history":[{"count":5,"href":"https:\/\/farmaciacrisia.ro\/fr\/wp-json\/wp\/v2\/product\/20119\/revisions"}],"predecessor-version":[{"id":20336,"href":"https:\/\/farmaciacrisia.ro\/fr\/wp-json\/wp\/v2\/product\/20119\/revisions\/20336"}],"wp:featuredmedia":[{"embeddable":true,"href":"https:\/\/farmaciacrisia.ro\/fr\/wp-json\/wp\/v2\/media\/20350"}],"wp:attachment":[{"href":"https:\/\/farmaciacrisia.ro\/fr\/wp-json\/wp\/v2\/media?parent=20119"}],"wp:term":[{"taxonomy":"product_brand","embeddable":true,"href":"https:\/\/farmaciacrisia.ro\/fr\/wp-json\/wp\/v2\/product_brand?post=20119"},{"taxonomy":"product_cat","embeddable":true,"href":"https:\/\/farmaciacrisia.ro\/fr\/wp-json\/wp\/v2\/product_cat?post=20119"},{"taxonomy":"product_tag","embeddable":true,"href":"https:\/\/farmaciacrisia.ro\/fr\/wp-json\/wp\/v2\/product_tag?post=20119"}],"curies":[{"name":"wp","href":"https:\/\/api.w.org\/{rel}","templated":true}]}}