{"id":20122,"date":"2025-08-07T10:01:14","date_gmt":"2025-08-07T10:01:14","guid":{"rendered":"https:\/\/farmaciacrisia.ro\/?post_type=product&#038;p=20122"},"modified":"2025-09-19T09:56:48","modified_gmt":"2025-09-19T09:56:48","slug":"ser-hidro-lift-si-fermitate-30-ml","status":"publish","type":"product","link":"https:\/\/farmaciacrisia.ro\/fr\/produit\/ser-hidro-lift-si-fermitate-30-ml\/","title":{"rendered":"S\u00c9RUM HYDRO-LIFT ET RAFFERMISSANT <br>\u2013 30 ML"},"content":{"rendered":"<p>Le S\u00e9rum Hydro-Lift &amp; Fermet\u00e9 est con\u00e7u pour un soin complet de la peau et du contour des yeux. Sa formule l\u00e9g\u00e8re et \u00e0 absorption rapide offre un effet lifting visible et une hydratation intense, redonnant \u00e0 la peau un aspect ferme, lisse et lumineux.<br \/>\nConvient \u00e0 tous les types de peau, y compris les peaux sensibles.<br \/>\nGr\u00e2ce \u00e0 l&#039;association d&#039;actifs au r\u00f4le r\u00e9g\u00e9n\u00e9rant, tonique et hydratant, ce s\u00e9rum r\u00e9duit les signes de fatigue, estompe les ridules et revitalise la peau, du front \u00e0 la m\u00e2choire - y compris la zone d\u00e9licate du contour des yeux.<\/p>","protected":false},"excerpt":{"rendered":"<p>Serul Hidro-Lift &amp; Fermitate este conceput pentru ingrijirea completa a tenului si a conturului ochilor. Formula sa lejera, cu absorbtie rapida, ofera un efect de lifting vizibil si hidratare intensa, redand pielii un aspect ferm, neted si luminos. Potrivit pentru [&hellip;]<\/p>\n","protected":false},"featured_media":21177,"template":"","meta":[],"product_brand":[],"product_cat":[15,580],"product_tag":[],"class_list":{"0":"post-20122","1":"product","2":"type-product","3":"status-publish","4":"has-post-thumbnail","6":"product_cat-uncategorized","7":"product_cat-cosmetice-traditionale","9":"first","10":"instock","11":"shipping-taxable","12":"purchasable","13":"product-type-simple"},"_links":{"self":[{"href":"https:\/\/farmaciacrisia.ro\/fr\/wp-json\/wp\/v2\/product\/20122","targetHints":{"allow":["GET"]}}],"collection":[{"href":"https:\/\/farmaciacrisia.ro\/fr\/wp-json\/wp\/v2\/product"}],"about":[{"href":"https:\/\/farmaciacrisia.ro\/fr\/wp-json\/wp\/v2\/types\/product"}],"version-history":[{"count":9,"href":"https:\/\/farmaciacrisia.ro\/fr\/wp-json\/wp\/v2\/product\/20122\/revisions"}],"predecessor-version":[{"id":20335,"href":"https:\/\/farmaciacrisia.ro\/fr\/wp-json\/wp\/v2\/product\/20122\/revisions\/20335"}],"wp:featuredmedia":[{"embeddable":true,"href":"https:\/\/farmaciacrisia.ro\/fr\/wp-json\/wp\/v2\/media\/21177"}],"wp:attachment":[{"href":"https:\/\/farmaciacrisia.ro\/fr\/wp-json\/wp\/v2\/media?parent=20122"}],"wp:term":[{"taxonomy":"product_brand","embeddable":true,"href":"https:\/\/farmaciacrisia.ro\/fr\/wp-json\/wp\/v2\/product_brand?post=20122"},{"taxonomy":"product_cat","embeddable":true,"href":"https:\/\/farmaciacrisia.ro\/fr\/wp-json\/wp\/v2\/product_cat?post=20122"},{"taxonomy":"product_tag","embeddable":true,"href":"https:\/\/farmaciacrisia.ro\/fr\/wp-json\/wp\/v2\/product_tag?post=20122"}],"curies":[{"name":"wp","href":"https:\/\/api.w.org\/{rel}","templated":true}]}}