{"id":21289,"date":"2025-09-22T12:24:15","date_gmt":"2025-09-22T12:24:15","guid":{"rendered":"https:\/\/farmaciacrisia.ro\/produs\/secom-first-defence\/"},"modified":"2025-09-22T12:40:41","modified_gmt":"2025-09-22T12:40:41","slug":"secom-first-defence","status":"publish","type":"product","link":"https:\/\/farmaciacrisia.ro\/fr\/produit\/secom-first-defence\/","title":{"rendered":"Secom Premi\u00e8re d\u00e9fense"},"content":{"rendered":"<p>First Defense contient de l&#039;argent collo\u00efdal, une suspension de microparticules (0,001 micron, charg\u00e9es positivement) dans de l&#039;eau d\u00e9ionis\u00e9e. Cette suspension inhibe plus de 650 facteurs perturbateurs, sans d\u00e9velopper de r\u00e9sistance \u00e0 l&#039;argent. L&#039;argent collo\u00efdal peut \u00eatre consid\u00e9r\u00e9 comme un syst\u00e8me immunitaire secondaire.<br \/>\nLe maintien du fonctionnement normal du syst\u00e8me immunitaire est assur\u00e9 par :<br \/>\n\u00ba activation des cellules du syst\u00e8me immunitaire (immunoglobulines IgA, IgM, IgG, lymphocytes T)<br \/>\n\u00ba activation des monocytes, composants importants du syst\u00e8me immunitaire<br \/>\n\u00ba soutenir la stimulation de l&#039;immunit\u00e9 humorale et cellulaire sp\u00e9cifique (acquise)<br \/>\n\u00ba soutenir la stimulation de l&#039;immunit\u00e9 non sp\u00e9cifique (inn\u00e9e)<\/p>\n<p>Effets adjuvants :<\/p>\n<div class=\"sections\">\n<ul class=\"list\">\n<li class=\"child-1\">fonctionnement normal du syst\u00e8me immunitaire<\/li>\n<li class=\"child-1\">soutenir les capacit\u00e9s d&#039;adaptation et de r\u00e9cup\u00e9ration de l&#039;organisme :<\/li>\n<li class=\"child-2\">influence positivement le temps n\u00e9cessaire \u00e0 la r\u00e9cup\u00e9ration en phase aigu\u00eb<\/li>\n<li class=\"child-2\">apporte un soutien en cas d&#039;administration de th\u00e9rapie allopathique (antibiotiques ou m\u00e9dicaments antiviraux)<\/li>\n<li class=\"child-2\">favorise la r\u00e9duction de la r\u00e9currence des manifestations associ\u00e9es aux d\u00e9s\u00e9quilibres immunitaires<\/li>\n<li class=\"child-1\">prot\u00e9ger les cellules contre le stress oxydatif<\/li>\n<li class=\"child-1\">le processus de division cellulaire<\/li>\n<\/ul>\n<\/div>\n<p>Mode d&#039;administration :<br \/>\nEnfants de 6 \u00e0 12 mois : \u00bd cuill\u00e8re \u00e0 caf\u00e9 3 fois\/jour<br \/>\nEnfants de 1 \u00e0 3 ans : 1 cuill\u00e8re \u00e0 caf\u00e9 3 fois\/jour<br \/>\nEnfants de plus de 4 ans : 1 cuill\u00e8re \u00e0 caf\u00e9 3 fois\/jour ou selon les recommandations du m\u00e9decin sp\u00e9cialiste.<br \/>\nEntretien : administrer la dose recommand\u00e9e une fois par jour.<br \/>\nA administrer nature ou m\u00e9lang\u00e9 \u00e0 la boisson pr\u00e9f\u00e9r\u00e9e de l&#039;enfant.<br \/>\nBien agiter avant emploi.<\/p>\n<p>Avantages :<br \/>\n\u00ba contient de l&#039;argent collo\u00efdal d&#039;une taille de 0,001 micron<br \/>\n\u00ba facile \u00e0 doser (forme liquide) et \u00e0 administrer (peut \u00eatre m\u00e9lang\u00e9 \u00e0 la boisson pr\u00e9f\u00e9r\u00e9e de l&#039;enfant) ;<br \/>\n\u00ba peut durer jusqu&#039;\u00e0 47 jours d&#039;administration, \u00e0 une dose quotidienne de 2,5 ml ;<br \/>\n\u00ba ne contient pas : gluten (certification NSF-sans gluten), cas\u00e9ine, alcool, lait, \u0153uf, soja, bl\u00e9, levure, ma\u00efs, colorants, ar\u00f4mes, \u00e9dulcorants artificiels, organismes g\u00e9n\u00e9tiquement modifi\u00e9s (certification sans OGM).<\/p>","protected":false},"excerpt":{"rendered":"<p>Formule complexe qui associe des extraits de plantes et de min\u00e9raux pour soutenir le syst\u00e8me immunitaire et la capacit\u00e9 de r\u00e9cup\u00e9ration de l&#039;organisme en cas de d\u00e9s\u00e9quilibres immunitaires chez l&#039;enfant.<\/p>","protected":false},"featured_media":21288,"template":"","meta":[],"product_brand":[],"product_cat":[583,15],"product_tag":[584],"class_list":{"0":"post-21289","1":"product","2":"type-product","3":"status-publish","4":"has-post-thumbnail","6":"product_cat-suplimente","7":"product_cat-uncategorized","8":"product_tag-suplimente","10":"first","11":"instock","12":"shipping-taxable","13":"purchasable","14":"product-type-simple"},"_links":{"self":[{"href":"https:\/\/farmaciacrisia.ro\/fr\/wp-json\/wp\/v2\/product\/21289","targetHints":{"allow":["GET"]}}],"collection":[{"href":"https:\/\/farmaciacrisia.ro\/fr\/wp-json\/wp\/v2\/product"}],"about":[{"href":"https:\/\/farmaciacrisia.ro\/fr\/wp-json\/wp\/v2\/types\/product"}],"version-history":[{"count":2,"href":"https:\/\/farmaciacrisia.ro\/fr\/wp-json\/wp\/v2\/product\/21289\/revisions"}],"predecessor-version":[{"id":21327,"href":"https:\/\/farmaciacrisia.ro\/fr\/wp-json\/wp\/v2\/product\/21289\/revisions\/21327"}],"wp:featuredmedia":[{"embeddable":true,"href":"https:\/\/farmaciacrisia.ro\/fr\/wp-json\/wp\/v2\/media\/21288"}],"wp:attachment":[{"href":"https:\/\/farmaciacrisia.ro\/fr\/wp-json\/wp\/v2\/media?parent=21289"}],"wp:term":[{"taxonomy":"product_brand","embeddable":true,"href":"https:\/\/farmaciacrisia.ro\/fr\/wp-json\/wp\/v2\/product_brand?post=21289"},{"taxonomy":"product_cat","embeddable":true,"href":"https:\/\/farmaciacrisia.ro\/fr\/wp-json\/wp\/v2\/product_cat?post=21289"},{"taxonomy":"product_tag","embeddable":true,"href":"https:\/\/farmaciacrisia.ro\/fr\/wp-json\/wp\/v2\/product_tag?post=21289"}],"curies":[{"name":"wp","href":"https:\/\/api.w.org\/{rel}","templated":true}]}}