{"id":21291,"date":"2025-09-22T12:24:55","date_gmt":"2025-09-22T12:24:55","guid":{"rendered":"https:\/\/farmaciacrisia.ro\/produs\/secom-ahcc-plus-nac-beta-glucan\/"},"modified":"2026-03-24T12:20:04","modified_gmt":"2026-03-24T12:20:04","slug":"secom-ahcc-plus-nac-beta-glucan","status":"publish","type":"product","link":"https:\/\/farmaciacrisia.ro\/fr\/produit\/secom-ahcc-plus-nac-beta-glucan\/","title":{"rendered":"Secom AHCC plus Nac+ B\u00eata-glucane"},"content":{"rendered":"<p>L&#039;AHCC\u00ae (compos\u00e9s corr\u00e9l\u00e9s aux hexoses actifs) est un produit obtenu \u00e0 partir du myc\u00e9lium de plusieurs esp\u00e8ces de champignons basidiomyc\u00e8tes utilis\u00e9s en m\u00e9decine traditionnelle japonaise. Ces champignons sont issus de cultures biologiques japonaises et cultiv\u00e9s dans un extrait de son de riz. Le proc\u00e9d\u00e9 de fabrication de l&#039;AHCC\u00ae a \u00e9t\u00e9 d\u00e9velopp\u00e9 et brevet\u00e9 par Amino-Up Chemical Company de Sapporo, au Japon. Ce proc\u00e9d\u00e9 complexe, r\u00e9alis\u00e9 en laboratoire, comprend la culture du m\u00e9lange de champignons en milieu liquide, une modification enzymatique obtenue par fermentation, puis une purification et une lyophilisation. Les oligosaccharides contenus dans l&#039;AHCC\u00ae ont un poids mol\u00e9culaire inf\u00e9rieur \u00e0 5\u00a0000 daltons, ce qui leur conf\u00e8re une bioabsorption intestinale \u00e9lev\u00e9e lorsqu&#039;ils sont administr\u00e9s par voie orale. De plus, l&#039;AHCC\u00ae contient des GI-saccharides, un type de glycoside de poids mol\u00e9culaire inf\u00e9rieur \u00e0 1\u00a0000 daltons, facilement digestibles et dot\u00e9s d&#039;une activit\u00e9 \u00e9quilibrante pour le syst\u00e8me immunitaire.<\/p>\n<p>Effets adjuvants :<\/p>\n<div class=\"sections\">\n<ul class=\"list\">\n<li class=\"child-1\">soutenir l&#039;\u00e9quilibre du rapport Th1\/Th2 en faveur des lymphocytes Th1, ce qui favorise la production de compos\u00e9s sp\u00e9cifiques du syst\u00e8me immunitaire :<\/li>\n<li class=\"child-2\">L&#039;interf\u00e9ron gamma, un compos\u00e9 immunostimulant, favorise l&#039;augmentation de l&#039;activit\u00e9 des cellules NK jusqu&#039;\u00e0 300%, des macrophages et favorise la synth\u00e8se de l&#039;oxyde nitrique<\/li>\n<li class=\"child-2\">Le TNF-\u03b1 soutient le processus normal de division cellulaire<\/li>\n<li class=\"child-2\">les interleukines IL-1, IL-2 et IL-12 contribuent \u00e0 maintenir le facteur TGF-\u03b2 dans les limites normales, favorisant l&#039;activation des cellules NK et la production de cellules LAK (cellules activ\u00e9es par les lymphocytes), qui agissent sur les cellules du foie, de l&#039;estomac, colorectales, pancr\u00e9atiques, pulmonaires, oropharyng\u00e9es, mammaires, thyro\u00efdiennes, ovariennes, testiculaires, prostatiques, r\u00e9nales et osseuses.<\/li>\n<li class=\"child-2\">les facteurs d&#039;activation des cellules dendritiques \u00e9quilibrent la r\u00e9ponse immunitaire primaire<\/li>\n<li class=\"child-1\">favoriser la capacit\u00e9 de l&#039;organisme \u00e0 s&#039;adapter \u00e0 des conditions de stress prolong\u00e9es, gr\u00e2ce \u00e0 :<\/li>\n<li class=\"child-2\">soutenir le syst\u00e8me immunitaire contre l&#039;action du cortisol s\u00e9cr\u00e9t\u00e9 au-dessus des limites normales<\/li>\n<li class=\"child-2\">maintenir un niveau normal de glyc\u00e9mie (un niveau qui peut \u00eatre influenc\u00e9 par une s\u00e9cr\u00e9tion accrue d&#039;adr\u00e9naline) et soutenir la sensibilit\u00e9 normale des r\u00e9cepteurs cellulaires \u00e0 l&#039;insuline<\/li>\n<li class=\"child-2\">soutenir l&#039;\u00e9quilibrage de l&#039;action de l&#039;enzyme ornithine d\u00e9carboxylase (l&#039;enzyme qui influence le processus normal de division cellulaire)<\/li>\n<li class=\"child-1\">biosynth\u00e8se du glutathion, un compos\u00e9 aux propri\u00e9t\u00e9s antioxydantes, jouant un r\u00f4le dans le maintien des processus m\u00e9taboliques, immunitaires, c\u00e9r\u00e9braux et de division cellulaire normale<\/li>\n<li class=\"child-1\">maintenir la structure et la fonction normales du foie<\/li>\n<li class=\"child-1\">soutenir les actions b\u00e9n\u00e9fiques de la th\u00e9rapie allopathique associ\u00e9es \u00e0 la division cellulaire au-del\u00e0 de la limite normale et fournir un soutien contre les r\u00e9actions secondaires qui y sont associ\u00e9es (par exemple, naus\u00e9es, perte de cheveux, fatigue, diminution de l&#039;app\u00e9tit, modifications de la structure et de la fonction normales du foie, modifications des taux normaux d&#039;\u00e9l\u00e9ments sanguins, perte de poids)<\/li>\n<\/ul>\n<\/div>\n<p>Mode d&#039;administration :<br \/>\nAdultes : 1 capsule par jour, de pr\u00e9f\u00e9rence \u00e0 jeun ou entre les repas ou selon les recommandations d&#039;un professionnel de la sant\u00e9.<\/p>\n<p>Avantages :<br \/>\n\u00ba contient de l&#039;extrait AHCC\u00ae brevet\u00e9, 500 mg\/capsule<br \/>\n\u00ba formule am\u00e9lior\u00e9e avec N-ac\u00e9tyl-L-cyst\u00e9ine, 225 mg\/capsule, et b\u00eata-glucane, 40 mg\/capsule, pour soutenir l&#039;action de l&#039;AHCC<br \/>\n\u00ba sous forme de g\u00e9lules v\u00e9g\u00e9tales, qui peuvent \u00e9galement \u00eatre administr\u00e9es dans le cadre de r\u00e9gimes v\u00e9g\u00e9tariens\/v\u00e9g\u00e9taliens<\/p>","protected":false},"excerpt":{"rendered":"<p>Formule \u00e0 base d&#039;extrait de myc\u00e9lium brevet\u00e9, avec un r\u00f4le de soutien dans l&#039;\u00e9quilibre du syst\u00e8me immunitaire.<\/p>","protected":false},"featured_media":21290,"template":"","meta":[],"product_brand":[],"product_cat":[583,15],"product_tag":[584],"class_list":{"0":"post-21291","1":"product","2":"type-product","3":"status-publish","4":"has-post-thumbnail","6":"product_cat-suplimente","7":"product_cat-uncategorized","8":"product_tag-suplimente","10":"first","11":"instock","12":"shipping-taxable","13":"purchasable","14":"product-type-simple"},"_links":{"self":[{"href":"https:\/\/farmaciacrisia.ro\/fr\/wp-json\/wp\/v2\/product\/21291","targetHints":{"allow":["GET"]}}],"collection":[{"href":"https:\/\/farmaciacrisia.ro\/fr\/wp-json\/wp\/v2\/product"}],"about":[{"href":"https:\/\/farmaciacrisia.ro\/fr\/wp-json\/wp\/v2\/types\/product"}],"version-history":[{"count":2,"href":"https:\/\/farmaciacrisia.ro\/fr\/wp-json\/wp\/v2\/product\/21291\/revisions"}],"predecessor-version":[{"id":21326,"href":"https:\/\/farmaciacrisia.ro\/fr\/wp-json\/wp\/v2\/product\/21291\/revisions\/21326"}],"wp:featuredmedia":[{"embeddable":true,"href":"https:\/\/farmaciacrisia.ro\/fr\/wp-json\/wp\/v2\/media\/21290"}],"wp:attachment":[{"href":"https:\/\/farmaciacrisia.ro\/fr\/wp-json\/wp\/v2\/media?parent=21291"}],"wp:term":[{"taxonomy":"product_brand","embeddable":true,"href":"https:\/\/farmaciacrisia.ro\/fr\/wp-json\/wp\/v2\/product_brand?post=21291"},{"taxonomy":"product_cat","embeddable":true,"href":"https:\/\/farmaciacrisia.ro\/fr\/wp-json\/wp\/v2\/product_cat?post=21291"},{"taxonomy":"product_tag","embeddable":true,"href":"https:\/\/farmaciacrisia.ro\/fr\/wp-json\/wp\/v2\/product_tag?post=21291"}],"curies":[{"name":"wp","href":"https:\/\/api.w.org\/{rel}","templated":true}]}}