{"id":21293,"date":"2025-09-22T12:24:59","date_gmt":"2025-09-22T12:24:59","guid":{"rendered":"https:\/\/farmaciacrisia.ro\/produs\/secom-vitamina-c-x-30-capsule\/"},"modified":"2025-09-22T13:27:12","modified_gmt":"2025-09-22T13:27:12","slug":"secom-vitamina-c-solutie","status":"publish","type":"product","link":"https:\/\/farmaciacrisia.ro\/fr\/produit\/secom-vitamina-c-solutie\/","title":{"rendered":"Solution de vitamine C Secom"},"content":{"rendered":"<p>Effets adjuvants :<\/p>\n<div class=\"sections\">\n<ul class=\"list\">\n<li class=\"child-1\">fonctionnement normal du syst\u00e8me immunitaire<\/li>\n<li class=\"child-1\">formation de collag\u00e8ne pour le fonctionnement normal des vaisseaux sanguins, du syst\u00e8me squelettique, des ligaments, des gencives, des dents et de la peau<\/li>\n<li class=\"child-1\">prot\u00e9ger les cellules contre le stress oxydatif<\/li>\n<li class=\"child-1\">fonctionnement normal du syst\u00e8me nerveux et maintien de la sant\u00e9 mentale<\/li>\n<li class=\"child-1\">r\u00e9duire la fatigue et l&#039;\u00e9puisement<\/li>\n<li class=\"child-1\">m\u00e9tabolisme \u00e9nerg\u00e9tique normal<\/li>\n<li class=\"child-1\">augmenter l&#039;absorption du fer<\/li>\n<li class=\"child-1\">r\u00e9g\u00e9n\u00e9ration de la forme r\u00e9duite de la vitamine E<\/li>\n<li class=\"child-1\">maintenir des niveaux normaux d&#039;histamine dans le sang, favorisant l&#039;\u00e9quilibre des manifestations associ\u00e9es aux processus allergiques<\/li>\n<li class=\"child-1\">favoriser la r\u00e9duction des manifestations caract\u00e9ristiques des \u00e9pisodes aigus en cas d&#039;infections respiratoires<\/li>\n<\/ul>\n<\/div>\n<p>Mode d&#039;administration :<br \/>\nEnfants de 6 \u00e0 12 mois : \u00bc cuill\u00e8re \u00e0 caf\u00e9\/jour<br \/>\nEnfants de 1 \u00e0 3 ans : \u00bd \u00e0 1 cuill\u00e8re \u00e0 caf\u00e9\/jour<br \/>\nEnfants de plus de 4 ans : 1 \u00e0 2 cuill\u00e8res \u00e0 caf\u00e9\/jour ou selon les recommandations du m\u00e9decin sp\u00e9cialiste.<br \/>\nA consommer nature ou \u00e0 m\u00e9langer \u00e0 la boisson pr\u00e9f\u00e9r\u00e9e de l&#039;enfant.<br \/>\nBien agiter avant emploi.<br \/>\nApr\u00e8s ouverture, le produit peut \u00eatre utilis\u00e9 dans un d\u00e9lai maximum de 4 mois.<\/p>\n<p>Avantages :<br \/>\n\u00ba forme liquide pour une administration facile<br \/>\n\u00ba sans sucre ajout\u00e9 et avec une agr\u00e9able saveur d&#039;orange<br \/>\n\u00ba Ne contient pas : gluten (certification NSF-sans gluten), cas\u00e9ine, alcool, lait, \u0153uf, soja, bl\u00e9, levure, ma\u00efs, colorants, ar\u00f4mes, \u00e9dulcorants artificiels, organismes g\u00e9n\u00e9tiquement modifi\u00e9s (certification sans OGM)<\/p>","protected":false},"excerpt":{"rendered":"<p>Forme liquide de vitamine C issue d&#039;une source naturelle qui soutient le fonctionnement normal du syst\u00e8me immunitaire de l&#039;enfant.<\/p>","protected":false},"featured_media":21292,"template":"","meta":[],"product_brand":[],"product_cat":[583,15],"product_tag":[584],"class_list":{"0":"post-21293","1":"product","2":"type-product","3":"status-publish","4":"has-post-thumbnail","6":"product_cat-suplimente","7":"product_cat-uncategorized","8":"product_tag-suplimente","10":"first","11":"instock","12":"shipping-taxable","13":"purchasable","14":"product-type-simple"},"_links":{"self":[{"href":"https:\/\/farmaciacrisia.ro\/fr\/wp-json\/wp\/v2\/product\/21293","targetHints":{"allow":["GET"]}}],"collection":[{"href":"https:\/\/farmaciacrisia.ro\/fr\/wp-json\/wp\/v2\/product"}],"about":[{"href":"https:\/\/farmaciacrisia.ro\/fr\/wp-json\/wp\/v2\/types\/product"}],"version-history":[{"count":3,"href":"https:\/\/farmaciacrisia.ro\/fr\/wp-json\/wp\/v2\/product\/21293\/revisions"}],"predecessor-version":[{"id":21341,"href":"https:\/\/farmaciacrisia.ro\/fr\/wp-json\/wp\/v2\/product\/21293\/revisions\/21341"}],"wp:featuredmedia":[{"embeddable":true,"href":"https:\/\/farmaciacrisia.ro\/fr\/wp-json\/wp\/v2\/media\/21292"}],"wp:attachment":[{"href":"https:\/\/farmaciacrisia.ro\/fr\/wp-json\/wp\/v2\/media?parent=21293"}],"wp:term":[{"taxonomy":"product_brand","embeddable":true,"href":"https:\/\/farmaciacrisia.ro\/fr\/wp-json\/wp\/v2\/product_brand?post=21293"},{"taxonomy":"product_cat","embeddable":true,"href":"https:\/\/farmaciacrisia.ro\/fr\/wp-json\/wp\/v2\/product_cat?post=21293"},{"taxonomy":"product_tag","embeddable":true,"href":"https:\/\/farmaciacrisia.ro\/fr\/wp-json\/wp\/v2\/product_tag?post=21293"}],"curies":[{"name":"wp","href":"https:\/\/api.w.org\/{rel}","templated":true}]}}