{"id":21294,"date":"2025-09-22T12:25:00","date_gmt":"2025-09-22T12:25:00","guid":{"rendered":"https:\/\/farmaciacrisia.ro\/produs\/secom-vitamina-c-solutie\/"},"modified":"2025-09-22T13:25:26","modified_gmt":"2025-09-22T13:25:26","slug":"secom-vitamina-d3-solutie-2","status":"publish","type":"product","link":"https:\/\/farmaciacrisia.ro\/fr\/produit\/secom-vitamina-d3-solutie-2\/","title":{"rendered":"Solution de vitamine D3 Secom"},"content":{"rendered":"<p>Selon les directives p\u00e9diatriques, en Roumanie, la suppl\u00e9mentation en vitamine D est recommand\u00e9e pour tous les nourrissons et enfants en bonne sant\u00e9, afin d&#039;\u00e9viter l&#039;hypovitaminose D et le rachitisme, \u00e0 partir de l&#039;\u00e2ge de 7 jours, et la suppl\u00e9mentation est effectu\u00e9e en continu jusqu&#039;\u00e0 l&#039;\u00e2ge de 18 mois.<br \/>\nA partir des doses standards, le m\u00e9decin peut d\u00e9cider, en fonction des besoins de l&#039;enfant, de poursuivre la suppl\u00e9mentation ou de limiter l&#039;administration.<\/p>\n<p>Effets adjuvants :<\/p>\n<div class=\"sections\">\n<ul class=\"list\">\n<li class=\"child-1\">maintenir la sant\u00e9 des syst\u00e8mes squelettique, musculaire et dentaire<\/li>\n<li class=\"child-1\">maintenir des concentrations normales de calcium dans le sang<\/li>\n<li class=\"child-1\">absorption et utilisation normales du calcium et du phosphore<\/li>\n<li class=\"child-1\">fonctionnement normal du syst\u00e8me immunitaire<\/li>\n<li class=\"child-1\">le processus de division cellulaire<\/li>\n<\/ul>\n<\/div>\n<p>Mode d&#039;administration :<br \/>\nEnfants d\u00e8s la naissance\u00a0: 8 gouttes (0,25\u00a0ml)\/jour, soit l\u2019\u00e9quivalent de 500\u00a0UI\/12,5\u00a0mcg, ou selon les recommandations du m\u00e9decin sp\u00e9cialiste. \u00c0 consommer nature ou m\u00e9lang\u00e9 \u00e0 la boisson pr\u00e9f\u00e9r\u00e9e de l\u2019enfant. Bien agiter avant emploi. Apr\u00e8s ouverture, le produit peut \u00eatre utilis\u00e9 dans les 4\u00a0mois maximum.<\/p>\n<p>Avantages :<br \/>\n\u00ba peut \u00eatre administr\u00e9 d\u00e8s le premier jour de vie<br \/>\n\u00ba sans sucre et naturellement aromatis\u00e9 aux fruits<br \/>\n\u00ba flacon \u00e9quip\u00e9 d&#039;une pipette pour un dosage et une administration faciles<br \/>\n\u00ba Ne contient pas : gluten (certification NSF-sans gluten), cas\u00e9ine, alcool, lait, \u0153uf, soja, bl\u00e9, levure, ma\u00efs, colorants, ar\u00f4mes, \u00e9dulcorants artificiels, sucre ajout\u00e9, organismes g\u00e9n\u00e9tiquement modifi\u00e9s (certification sans OGM)<br \/>\n\u00ba suffisant pour au moins 115 administrations<\/p>","protected":false},"excerpt":{"rendered":"<p>Forme liquide de vitamine D3 extraite d&#039;une source naturelle (lanoline), qui joue un r\u00f4le dans le maintien de la sant\u00e9 osseuse et le fonctionnement normal du syst\u00e8me immunitaire.<\/p>","protected":false},"featured_media":21336,"template":"","meta":[],"product_brand":[],"product_cat":[583,15],"product_tag":[584],"class_list":{"0":"post-21294","1":"product","2":"type-product","3":"status-publish","4":"has-post-thumbnail","6":"product_cat-suplimente","7":"product_cat-uncategorized","8":"product_tag-suplimente","10":"first","11":"instock","12":"shipping-taxable","13":"purchasable","14":"product-type-simple"},"_links":{"self":[{"href":"https:\/\/farmaciacrisia.ro\/fr\/wp-json\/wp\/v2\/product\/21294","targetHints":{"allow":["GET"]}}],"collection":[{"href":"https:\/\/farmaciacrisia.ro\/fr\/wp-json\/wp\/v2\/product"}],"about":[{"href":"https:\/\/farmaciacrisia.ro\/fr\/wp-json\/wp\/v2\/types\/product"}],"version-history":[{"count":4,"href":"https:\/\/farmaciacrisia.ro\/fr\/wp-json\/wp\/v2\/product\/21294\/revisions"}],"predecessor-version":[{"id":21343,"href":"https:\/\/farmaciacrisia.ro\/fr\/wp-json\/wp\/v2\/product\/21294\/revisions\/21343"}],"wp:featuredmedia":[{"embeddable":true,"href":"https:\/\/farmaciacrisia.ro\/fr\/wp-json\/wp\/v2\/media\/21336"}],"wp:attachment":[{"href":"https:\/\/farmaciacrisia.ro\/fr\/wp-json\/wp\/v2\/media?parent=21294"}],"wp:term":[{"taxonomy":"product_brand","embeddable":true,"href":"https:\/\/farmaciacrisia.ro\/fr\/wp-json\/wp\/v2\/product_brand?post=21294"},{"taxonomy":"product_cat","embeddable":true,"href":"https:\/\/farmaciacrisia.ro\/fr\/wp-json\/wp\/v2\/product_cat?post=21294"},{"taxonomy":"product_tag","embeddable":true,"href":"https:\/\/farmaciacrisia.ro\/fr\/wp-json\/wp\/v2\/product_tag?post=21294"}],"curies":[{"name":"wp","href":"https:\/\/api.w.org\/{rel}","templated":true}]}}