{"id":21296,"date":"2025-09-22T12:25:05","date_gmt":"2025-09-22T12:25:05","guid":{"rendered":"https:\/\/farmaciacrisia.ro\/produs\/secom-vitamina-d3-solutie\/"},"modified":"2025-09-22T13:24:28","modified_gmt":"2025-09-22T13:24:28","slug":"secom-vitamina-c-1000mg-30cps","status":"publish","type":"product","link":"https:\/\/farmaciacrisia.ro\/fr\/produit\/secom-vitamina-c-1000mg-30cps\/","title":{"rendered":"Secom Vitamine C 1000 mg 30 g\u00e9lules"},"content":{"rendered":"<p>Effets adjuvants :<\/p>\n<div class=\"sections\">\n<ul class=\"list\">\n<li class=\"child-1\">maintenir le fonctionnement normal du syst\u00e8me immunitaire<\/li>\n<li class=\"child-1\">prot\u00e9ger les cellules contre le stress oxydatif<\/li>\n<li class=\"child-1\">formation normale de collag\u00e8ne pour le fonctionnement normal des vaisseaux sanguins, du syst\u00e8me squelettique, des ligaments, des gencives, des dents et de la peau<\/li>\n<li class=\"child-1\">fonctionnement normal du syst\u00e8me nerveux et maintien de la sant\u00e9 mentale<\/li>\n<li class=\"child-1\">m\u00e9tabolisme \u00e9nerg\u00e9tique normal, r\u00e9duction de la fatigue et de l&#039;\u00e9puisement<\/li>\n<li class=\"child-1\">augmenter l&#039;absorption du fer et r\u00e9g\u00e9n\u00e9rer la forme r\u00e9duite de la vitamine E<\/li>\n<\/ul>\n<\/div>\n<p>Mode d&#039;administration :<br \/>\n1 capsule\/jour, au moment du repas, avec 200 ml d&#039;eau ou selon les recommandations de votre conseiller sp\u00e9cialiste.<\/p>\n<p>Avantages :<br \/>\n\u00ba contient de la vitamine C, extraite des fruits de l&#039;\u00e9glantier et de l&#039;ac\u00e9rola, 1000 mg\/capsule<br \/>\n\u00ba ajout de bioflavono\u00efdes pour soutenir l&#039;action de la vitamine C<br \/>\n\u00ba sous forme de g\u00e9lules v\u00e9g\u00e9tales, qui peuvent \u00e9galement \u00eatre administr\u00e9es dans le cadre de r\u00e9gimes v\u00e9g\u00e9tariens\/v\u00e9g\u00e9taliens<br \/>\n\u00ba disponible en 2 options de conditionnement : flacon de 30 ou 100 g\u00e9lules v\u00e9g\u00e9tales, pouvant durer jusqu&#039;\u00e0 30 ou 100 jours d&#039;administration, respectivement<\/p>","protected":false},"excerpt":{"rendered":"<p>Formule avanc\u00e9e \u00e0 base de vitamine C et de bioflavono\u00efdes, pour une efficacit\u00e9 et une absorption accrues, qui contribue au fonctionnement normal du syst\u00e8me immunitaire.<\/p>","protected":false},"featured_media":21295,"template":"","meta":[],"product_brand":[],"product_cat":[583,15],"product_tag":[584],"class_list":{"0":"post-21296","1":"product","2":"type-product","3":"status-publish","4":"has-post-thumbnail","6":"product_cat-suplimente","7":"product_cat-uncategorized","8":"product_tag-suplimente","10":"first","11":"instock","12":"shipping-taxable","13":"purchasable","14":"product-type-simple"},"_links":{"self":[{"href":"https:\/\/farmaciacrisia.ro\/fr\/wp-json\/wp\/v2\/product\/21296","targetHints":{"allow":["GET"]}}],"collection":[{"href":"https:\/\/farmaciacrisia.ro\/fr\/wp-json\/wp\/v2\/product"}],"about":[{"href":"https:\/\/farmaciacrisia.ro\/fr\/wp-json\/wp\/v2\/types\/product"}],"version-history":[{"count":5,"href":"https:\/\/farmaciacrisia.ro\/fr\/wp-json\/wp\/v2\/product\/21296\/revisions"}],"predecessor-version":[{"id":21345,"href":"https:\/\/farmaciacrisia.ro\/fr\/wp-json\/wp\/v2\/product\/21296\/revisions\/21345"}],"wp:featuredmedia":[{"embeddable":true,"href":"https:\/\/farmaciacrisia.ro\/fr\/wp-json\/wp\/v2\/media\/21295"}],"wp:attachment":[{"href":"https:\/\/farmaciacrisia.ro\/fr\/wp-json\/wp\/v2\/media?parent=21296"}],"wp:term":[{"taxonomy":"product_brand","embeddable":true,"href":"https:\/\/farmaciacrisia.ro\/fr\/wp-json\/wp\/v2\/product_brand?post=21296"},{"taxonomy":"product_cat","embeddable":true,"href":"https:\/\/farmaciacrisia.ro\/fr\/wp-json\/wp\/v2\/product_cat?post=21296"},{"taxonomy":"product_tag","embeddable":true,"href":"https:\/\/farmaciacrisia.ro\/fr\/wp-json\/wp\/v2\/product_tag?post=21296"}],"curies":[{"name":"wp","href":"https:\/\/api.w.org\/{rel}","templated":true}]}}