{"id":21564,"date":"2025-10-09T08:48:03","date_gmt":"2025-10-09T08:48:03","guid":{"rendered":"https:\/\/farmaciacrisia.ro\/?post_type=product&#038;p=21564"},"modified":"2026-03-25T12:47:22","modified_gmt":"2026-03-25T12:47:22","slug":"test-rapid-10-in-1-infectii-respiratorii-inclusiv-hmpv","status":"publish","type":"product","link":"https:\/\/farmaciacrisia.ro\/fr\/produit\/test-rapid-10-in-1-infectii-respiratorii-inclusiv-hmpv\/","title":{"rendered":"Test rapide 10 en 1 pour les infections respiratoires, y compris le virus HMPV"},"content":{"rendered":"","protected":false},"excerpt":{"rendered":"<p><strong>Kit de test antig\u00e9nique rapide 10 en 1 pour 10 agents pathog\u00e8nes respiratoires<\/strong><\/p>\n<p>Ce kit de test rapide est la solution id\u00e9ale pour un diagnostic rapide et pr\u00e9cis des infections respiratoires les plus courantes. Sp\u00e9cialement con\u00e7u pour une utilisation simple et efficace, il fournit des r\u00e9sultats en seulement 10 minutes, ce qui le rend id\u00e9al pour les tests \u00e0 grande \u00e9chelle.<\/p>","protected":false},"featured_media":21581,"template":"","meta":[],"product_brand":[],"product_cat":[15],"product_tag":[],"class_list":{"0":"post-21564","1":"product","2":"type-product","3":"status-publish","4":"has-post-thumbnail","6":"product_cat-uncategorized","8":"first","9":"instock","10":"sale","11":"shipping-taxable","12":"purchasable","13":"product-type-simple"},"_links":{"self":[{"href":"https:\/\/farmaciacrisia.ro\/fr\/wp-json\/wp\/v2\/product\/21564","targetHints":{"allow":["GET"]}}],"collection":[{"href":"https:\/\/farmaciacrisia.ro\/fr\/wp-json\/wp\/v2\/product"}],"about":[{"href":"https:\/\/farmaciacrisia.ro\/fr\/wp-json\/wp\/v2\/types\/product"}],"version-history":[{"count":5,"href":"https:\/\/farmaciacrisia.ro\/fr\/wp-json\/wp\/v2\/product\/21564\/revisions"}],"predecessor-version":[{"id":21575,"href":"https:\/\/farmaciacrisia.ro\/fr\/wp-json\/wp\/v2\/product\/21564\/revisions\/21575"}],"wp:featuredmedia":[{"embeddable":true,"href":"https:\/\/farmaciacrisia.ro\/fr\/wp-json\/wp\/v2\/media\/21581"}],"wp:attachment":[{"href":"https:\/\/farmaciacrisia.ro\/fr\/wp-json\/wp\/v2\/media?parent=21564"}],"wp:term":[{"taxonomy":"product_brand","embeddable":true,"href":"https:\/\/farmaciacrisia.ro\/fr\/wp-json\/wp\/v2\/product_brand?post=21564"},{"taxonomy":"product_cat","embeddable":true,"href":"https:\/\/farmaciacrisia.ro\/fr\/wp-json\/wp\/v2\/product_cat?post=21564"},{"taxonomy":"product_tag","embeddable":true,"href":"https:\/\/farmaciacrisia.ro\/fr\/wp-json\/wp\/v2\/product_tag?post=21564"}],"curies":[{"name":"wp","href":"https:\/\/api.w.org\/{rel}","templated":true}]}}