{"id":21576,"date":"2025-10-09T09:19:10","date_gmt":"2025-10-09T09:19:10","guid":{"rendered":"https:\/\/farmaciacrisia.ro\/?post_type=product&#038;p=21576"},"modified":"2026-04-02T07:23:48","modified_gmt":"2026-04-02T07:23:48","slug":"test-rapid-antigen-6-in-1","status":"publish","type":"product","link":"https:\/\/farmaciacrisia.ro\/fr\/produit\/test-rapid-antigen-6-in-1\/","title":{"rendered":"Test antig\u00e9nique rapide 6 en 1"},"content":{"rendered":"","protected":false},"excerpt":{"rendered":"<p><strong>Test d&#039;infection respiratoire Golden Protect Rapid Combo 6 en 1<\/strong>\u00a0est un kit de diagnostic innovant con\u00e7u pour la d\u00e9tection rapide et pr\u00e9cise de multiples agents pathog\u00e8nes respiratoires, notamment\u00a0<strong>SRAS-CoV-2, virus de la grippe A et B, virus respiratoire syncytial (VRS), ad\u00e9novirus et\u00a0<em>Mycoplasma pneumoniae<\/em><\/strong>Ce test est id\u00e9al pour un diagnostic rapide dans les cliniques, les laboratoires et les \u00e9tablissements m\u00e9dicaux.<\/p>","protected":false},"featured_media":21585,"template":"","meta":[],"product_brand":[],"product_cat":[15],"product_tag":[],"class_list":{"0":"post-21576","1":"product","2":"type-product","3":"status-publish","4":"has-post-thumbnail","6":"product_cat-uncategorized","7":"fc-lipsa","9":"first","10":"lipsa","11":"shipping-taxable","12":"product-type-simple"},"_links":{"self":[{"href":"https:\/\/farmaciacrisia.ro\/fr\/wp-json\/wp\/v2\/product\/21576","targetHints":{"allow":["GET"]}}],"collection":[{"href":"https:\/\/farmaciacrisia.ro\/fr\/wp-json\/wp\/v2\/product"}],"about":[{"href":"https:\/\/farmaciacrisia.ro\/fr\/wp-json\/wp\/v2\/types\/product"}],"version-history":[{"count":1,"href":"https:\/\/farmaciacrisia.ro\/fr\/wp-json\/wp\/v2\/product\/21576\/revisions"}],"predecessor-version":[{"id":21578,"href":"https:\/\/farmaciacrisia.ro\/fr\/wp-json\/wp\/v2\/product\/21576\/revisions\/21578"}],"wp:featuredmedia":[{"embeddable":true,"href":"https:\/\/farmaciacrisia.ro\/fr\/wp-json\/wp\/v2\/media\/21585"}],"wp:attachment":[{"href":"https:\/\/farmaciacrisia.ro\/fr\/wp-json\/wp\/v2\/media?parent=21576"}],"wp:term":[{"taxonomy":"product_brand","embeddable":true,"href":"https:\/\/farmaciacrisia.ro\/fr\/wp-json\/wp\/v2\/product_brand?post=21576"},{"taxonomy":"product_cat","embeddable":true,"href":"https:\/\/farmaciacrisia.ro\/fr\/wp-json\/wp\/v2\/product_cat?post=21576"},{"taxonomy":"product_tag","embeddable":true,"href":"https:\/\/farmaciacrisia.ro\/fr\/wp-json\/wp\/v2\/product_tag?post=21576"}],"curies":[{"name":"wp","href":"https:\/\/api.w.org\/{rel}","templated":true}]}}