{"id":21589,"date":"2025-10-09T09:39:38","date_gmt":"2025-10-09T09:39:38","guid":{"rendered":"https:\/\/farmaciacrisia.ro\/?post_type=product&#038;p=21589"},"modified":"2025-10-09T09:52:46","modified_gmt":"2025-10-09T09:52:46","slug":"test-rapid-streptococ-a","status":"publish","type":"product","link":"https:\/\/farmaciacrisia.ro\/fr\/produit\/test-rapid-streptococ-a\/","title":{"rendered":"Test rapide de d\u00e9pistage du streptocoque A"},"content":{"rendered":"","protected":false},"excerpt":{"rendered":"<p><strong>Test rapide de d\u00e9pistage du streptocoque A Golden Protect, oropharynx, pr\u00e9cision 97,1%<\/strong><\/p>\n<p>Test rapide pour la d\u00e9tection de l&#039;infection \u00e0 streptocoque \u03b2-h\u00e9molytique <br \/>groupe A<\/p>\n<p>Utilisation pr\u00e9vue\u00a0: Ce test est con\u00e7u pour d\u00e9tecter qualitativement les antig\u00e8nes du streptocoque A dans les pr\u00e9l\u00e8vements de gorge. R\u00e9serv\u00e9 \u00e0 un usage professionnel in vitro, il constitue un test chromatographique rapide facilitant le diagnostic de l&#039;infection \u00e0 streptocoque du groupe A.<\/p>","protected":false},"featured_media":21590,"template":"","meta":[],"product_brand":[],"product_cat":[15],"product_tag":[],"class_list":{"0":"post-21589","1":"product","2":"type-product","3":"status-publish","4":"has-post-thumbnail","6":"product_cat-uncategorized","8":"first","9":"instock","10":"shipping-taxable","11":"purchasable","12":"product-type-simple"},"_links":{"self":[{"href":"https:\/\/farmaciacrisia.ro\/fr\/wp-json\/wp\/v2\/product\/21589","targetHints":{"allow":["GET"]}}],"collection":[{"href":"https:\/\/farmaciacrisia.ro\/fr\/wp-json\/wp\/v2\/product"}],"about":[{"href":"https:\/\/farmaciacrisia.ro\/fr\/wp-json\/wp\/v2\/types\/product"}],"version-history":[{"count":5,"href":"https:\/\/farmaciacrisia.ro\/fr\/wp-json\/wp\/v2\/product\/21589\/revisions"}],"predecessor-version":[{"id":21595,"href":"https:\/\/farmaciacrisia.ro\/fr\/wp-json\/wp\/v2\/product\/21589\/revisions\/21595"}],"wp:featuredmedia":[{"embeddable":true,"href":"https:\/\/farmaciacrisia.ro\/fr\/wp-json\/wp\/v2\/media\/21590"}],"wp:attachment":[{"href":"https:\/\/farmaciacrisia.ro\/fr\/wp-json\/wp\/v2\/media?parent=21589"}],"wp:term":[{"taxonomy":"product_brand","embeddable":true,"href":"https:\/\/farmaciacrisia.ro\/fr\/wp-json\/wp\/v2\/product_brand?post=21589"},{"taxonomy":"product_cat","embeddable":true,"href":"https:\/\/farmaciacrisia.ro\/fr\/wp-json\/wp\/v2\/product_cat?post=21589"},{"taxonomy":"product_tag","embeddable":true,"href":"https:\/\/farmaciacrisia.ro\/fr\/wp-json\/wp\/v2\/product_tag?post=21589"}],"curies":[{"name":"wp","href":"https:\/\/api.w.org\/{rel}","templated":true}]}}