{"id":21599,"date":"2025-10-09T09:55:01","date_gmt":"2025-10-09T09:55:01","guid":{"rendered":"https:\/\/farmaciacrisia.ro\/?post_type=product&#038;p=21599"},"modified":"2025-10-09T10:04:03","modified_gmt":"2025-10-09T10:04:03","slug":"pulsoximetru-pediatric-de-deget-masurare-spo-puls-si-indice-de-perfuzie","status":"publish","type":"product","link":"https:\/\/farmaciacrisia.ro\/fr\/produit\/pulsoximetru-pediatric-de-deget-masurare-spo-puls-si-indice-de-perfuzie\/","title":{"rendered":"Oxym\u00e8tre de pouls digital p\u00e9diatrique \u2013 Mesure de la SpO2, du pouls et de l&#039;indice de perfusion"},"content":{"rendered":"","protected":false},"excerpt":{"rendered":"<p><strong>Oxym\u00e8tre de pouls digital p\u00e9diatrique \u2013 Mesure de la SpO<\/strong><strong>\u2082<\/strong><strong>, Indice de pouls et de perfusion<\/strong><\/p>\n<p>L&#039;oxym\u00e8tre de pouls digital p\u00e9diatrique est sp\u00e9cialement con\u00e7u pour\u00a0<strong>GAR\u00c7ONS<\/strong>, fournissant des mesures pr\u00e9cises et rapides de la saturation en oxyg\u00e8ne du sang (SpO\u2082), de la fr\u00e9quence cardiaque (FC) et de l&#039;indice de perfusion (IP). Il est id\u00e9al pour\u00a0<strong>surveillance \u00e0 domicile<\/strong>\u00a0et utiliser dans\u00a0<strong>cliniques m\u00e9dicales<\/strong>, \u00e9tant dot\u00e9 de fonctions de\u00a0<strong>suppression des artefacts et anti-mouvement<\/strong>, pour des r\u00e9sultats pr\u00e9cis m\u00eame dans des conditions de mouvement.<\/p>\n<p>Sa conception ergonomique, avec\u00a0<strong>\u00e9cran OLED avanc\u00e9<\/strong>, offre une visualisation claire des valeurs de SpO\u2082, PR, PI, de la barre de pouls et de la forme d&#039;onde (pl\u00e9thysmogramme), dans 4 directions d&#039;affichage.<\/p>","protected":false},"featured_media":21605,"template":"","meta":[],"product_brand":[],"product_cat":[15],"product_tag":[],"class_list":{"0":"post-21599","1":"product","2":"type-product","3":"status-publish","4":"has-post-thumbnail","6":"product_cat-uncategorized","8":"first","9":"instock","10":"shipping-taxable","11":"purchasable","12":"product-type-simple"},"_links":{"self":[{"href":"https:\/\/farmaciacrisia.ro\/fr\/wp-json\/wp\/v2\/product\/21599","targetHints":{"allow":["GET"]}}],"collection":[{"href":"https:\/\/farmaciacrisia.ro\/fr\/wp-json\/wp\/v2\/product"}],"about":[{"href":"https:\/\/farmaciacrisia.ro\/fr\/wp-json\/wp\/v2\/types\/product"}],"version-history":[{"count":1,"href":"https:\/\/farmaciacrisia.ro\/fr\/wp-json\/wp\/v2\/product\/21599\/revisions"}],"predecessor-version":[{"id":21601,"href":"https:\/\/farmaciacrisia.ro\/fr\/wp-json\/wp\/v2\/product\/21599\/revisions\/21601"}],"wp:featuredmedia":[{"embeddable":true,"href":"https:\/\/farmaciacrisia.ro\/fr\/wp-json\/wp\/v2\/media\/21605"}],"wp:attachment":[{"href":"https:\/\/farmaciacrisia.ro\/fr\/wp-json\/wp\/v2\/media?parent=21599"}],"wp:term":[{"taxonomy":"product_brand","embeddable":true,"href":"https:\/\/farmaciacrisia.ro\/fr\/wp-json\/wp\/v2\/product_brand?post=21599"},{"taxonomy":"product_cat","embeddable":true,"href":"https:\/\/farmaciacrisia.ro\/fr\/wp-json\/wp\/v2\/product_cat?post=21599"},{"taxonomy":"product_tag","embeddable":true,"href":"https:\/\/farmaciacrisia.ro\/fr\/wp-json\/wp\/v2\/product_tag?post=21599"}],"curies":[{"name":"wp","href":"https:\/\/api.w.org\/{rel}","templated":true}]}}