{"id":22324,"date":"2026-01-08T08:19:58","date_gmt":"2026-01-08T08:19:58","guid":{"rendered":"https:\/\/farmaciacrisia.ro\/?post_type=product&#038;p=22324"},"modified":"2026-01-08T12:08:06","modified_gmt":"2026-01-08T12:08:06","slug":"acid-folic-0-05-mg-10-capsule","status":"publish","type":"product","link":"https:\/\/farmaciacrisia.ro\/fr\/produit\/acid-folic-0-05-mg-10-capsule\/","title":{"rendered":"ACID FOLIC 0.05 MG <br> 10 CAPSULE"},"content":{"rendered":"","protected":false},"excerpt":{"rendered":"<p><strong>Capsulele cu acid folic 0,05 mg preparate in receptura\/laboratorul camera curata,<\/strong> <strong>sunt utilizate pentru prevenirea si corectarea deficitului de folat, contribuind la formarea normala a celulelor sanguine, la dezvoltarea sistemului nervos si la sustinerea proceselor de crestere in primele luni de viata.<\/strong><\/p>\n<p>\u2713\u00a0In cadrul prepararii retetelor magistrale, se utilizeaza doar substante active de inalta puritate, respectand normele RBPF \u00a0(Reguli de Buna Practica Farmaceutica). Utilizarea medicamentelor standardizate este exclusa din acest proces de preparare.<\/p>\n<p><strong>Il n'est d\u00e9livr\u00e9 que sur la base d'une prescription m\u00e9dicale qui sera telecharg\u00e9e lors de la finalisation de la commande !<\/strong><\/p>","protected":false},"featured_media":16800,"template":"","meta":[],"product_brand":[],"product_cat":[186,594],"product_tag":[593,80,522],"class_list":{"0":"post-22324","1":"product","2":"type-product","3":"status-publish","4":"has-post-thumbnail","6":"product_cat-pediatrie","7":"product_cat-capsule-pediatrie","8":"product_tag-acid-folic","9":"product_tag-capsule","10":"product_tag-crisia-farm","12":"first","13":"outofstock","14":"shipping-taxable","15":"purchasable","16":"product-type-simple"},"_links":{"self":[{"href":"https:\/\/farmaciacrisia.ro\/fr\/wp-json\/wp\/v2\/product\/22324","targetHints":{"allow":["GET"]}}],"collection":[{"href":"https:\/\/farmaciacrisia.ro\/fr\/wp-json\/wp\/v2\/product"}],"about":[{"href":"https:\/\/farmaciacrisia.ro\/fr\/wp-json\/wp\/v2\/types\/product"}],"version-history":[{"count":4,"href":"https:\/\/farmaciacrisia.ro\/fr\/wp-json\/wp\/v2\/product\/22324\/revisions"}],"predecessor-version":[{"id":22360,"href":"https:\/\/farmaciacrisia.ro\/fr\/wp-json\/wp\/v2\/product\/22324\/revisions\/22360"}],"wp:featuredmedia":[{"embeddable":true,"href":"https:\/\/farmaciacrisia.ro\/fr\/wp-json\/wp\/v2\/media\/16800"}],"wp:attachment":[{"href":"https:\/\/farmaciacrisia.ro\/fr\/wp-json\/wp\/v2\/media?parent=22324"}],"wp:term":[{"taxonomy":"product_brand","embeddable":true,"href":"https:\/\/farmaciacrisia.ro\/fr\/wp-json\/wp\/v2\/product_brand?post=22324"},{"taxonomy":"product_cat","embeddable":true,"href":"https:\/\/farmaciacrisia.ro\/fr\/wp-json\/wp\/v2\/product_cat?post=22324"},{"taxonomy":"product_tag","embeddable":true,"href":"https:\/\/farmaciacrisia.ro\/fr\/wp-json\/wp\/v2\/product_tag?post=22324"}],"curies":[{"name":"wp","href":"https:\/\/api.w.org\/{rel}","templated":true}]}}