{"id":22327,"date":"2026-01-08T09:16:41","date_gmt":"2026-01-08T09:16:41","guid":{"rendered":"https:\/\/farmaciacrisia.ro\/?post_type=product&#038;p=22327"},"modified":"2026-01-08T12:06:41","modified_gmt":"2026-01-08T12:06:41","slug":"clorfeniramina-5-mg-capsule","status":"publish","type":"product","link":"https:\/\/farmaciacrisia.ro\/fr\/produit\/clorfeniramina-5-mg-capsule\/","title":{"rendered":"CLORFENIRAMINA 5 MG CAPSULE"},"content":{"rendered":"","protected":false},"excerpt":{"rendered":"<p><strong>Capsulele cu clorfeniramina 5 mg preparate in receptura\/laboratorul camera curata,<\/strong> <strong>sunt utilizate in principal pentru ameliorarea simptomelor alergice precum rinoree, stranut, prurit nazal, prurit ocular, urticarie si alte reactii alergice mediate histaminic. Este un antihistaminic de genera\u021bie veche, cu efect sedativ moderat.<\/strong><\/p>\n<p>\u2713 Lors de la pr\u00e9paration des prescriptions magistrales, seules des substances actives de haute puret\u00e9 sont utilis\u00e9es, dans le respect des RBPF (R\u00e8gles de Bonnes Pratiques Pharmaceutiques). L'utilisation de m\u00e9dicaments standardis\u00e9s est exclue de ce processus de pr\u00e9paration.<\/p>\n<p><strong>Il n'est d\u00e9livr\u00e9 que sur la base d'une prescription m\u00e9dicale qui sera telecharg\u00e9e lors de la finalisation de la commande !<\/strong><\/p>","protected":false},"featured_media":16800,"template":"","meta":[],"product_brand":[],"product_cat":[176,224,172],"product_tag":[180,230,82,179,81,595],"class_list":{"0":"post-22327","1":"product","2":"type-product","3":"status-publish","4":"has-post-thumbnail","6":"product_cat-afectiuni-ale-tractului-respirator","7":"product_cat-capsule-orl","8":"product_cat-orl","9":"product_tag-afectiuni-ale-tractului-respirator","10":"product_tag-alergii","11":"product_tag-laborator-camera-curata","12":"product_tag-orl","13":"product_tag-tratamente-personalizate","14":"product_tag-urticarie","16":"first","17":"outofstock","18":"shipping-taxable","19":"purchasable","20":"product-type-simple"},"_links":{"self":[{"href":"https:\/\/farmaciacrisia.ro\/fr\/wp-json\/wp\/v2\/product\/22327","targetHints":{"allow":["GET"]}}],"collection":[{"href":"https:\/\/farmaciacrisia.ro\/fr\/wp-json\/wp\/v2\/product"}],"about":[{"href":"https:\/\/farmaciacrisia.ro\/fr\/wp-json\/wp\/v2\/types\/product"}],"version-history":[{"count":4,"href":"https:\/\/farmaciacrisia.ro\/fr\/wp-json\/wp\/v2\/product\/22327\/revisions"}],"predecessor-version":[{"id":22358,"href":"https:\/\/farmaciacrisia.ro\/fr\/wp-json\/wp\/v2\/product\/22327\/revisions\/22358"}],"wp:featuredmedia":[{"embeddable":true,"href":"https:\/\/farmaciacrisia.ro\/fr\/wp-json\/wp\/v2\/media\/16800"}],"wp:attachment":[{"href":"https:\/\/farmaciacrisia.ro\/fr\/wp-json\/wp\/v2\/media?parent=22327"}],"wp:term":[{"taxonomy":"product_brand","embeddable":true,"href":"https:\/\/farmaciacrisia.ro\/fr\/wp-json\/wp\/v2\/product_brand?post=22327"},{"taxonomy":"product_cat","embeddable":true,"href":"https:\/\/farmaciacrisia.ro\/fr\/wp-json\/wp\/v2\/product_cat?post=22327"},{"taxonomy":"product_tag","embeddable":true,"href":"https:\/\/farmaciacrisia.ro\/fr\/wp-json\/wp\/v2\/product_tag?post=22327"}],"curies":[{"name":"wp","href":"https:\/\/api.w.org\/{rel}","templated":true}]}}