{"id":22334,"date":"2026-01-08T10:29:34","date_gmt":"2026-01-08T10:29:34","guid":{"rendered":"https:\/\/farmaciacrisia.ro\/?post_type=product&#038;p=22334"},"modified":"2026-01-08T11:53:11","modified_gmt":"2026-01-08T11:53:11","slug":"vitamina-a-50000-ui-capsule","status":"publish","type":"product","link":"https:\/\/farmaciacrisia.ro\/fr\/produit\/vitamina-a-50000-ui-capsule\/","title":{"rendered":"VITAMINA A 50000 UI CAPSULE"},"content":{"rendered":"","protected":false},"excerpt":{"rendered":"<p><strong>Capsulele cu vitamina A 50000 UI preparate in receptura\/laboratorul camera curata,<\/strong> <strong>sunt utilizate in principal tratamentul deficitului sever de vitamina A, asociat cu tulburari de vedere, afectarea pielii, imunitate scazuta si probleme de diferentiere epiteliala.<\/strong><\/p>\n<p>\u2713 Lors de la pr\u00e9paration des prescriptions magistrales, seules des substances actives de haute puret\u00e9 sont utilis\u00e9es, dans le respect des RBPF (R\u00e8gles de Bonnes Pratiques Pharmaceutiques). L'utilisation de m\u00e9dicaments standardis\u00e9s est exclue de ce processus de pr\u00e9paration.<\/p>\n<p><strong>Il n'est d\u00e9livr\u00e9 que sur la base d'une prescription m\u00e9dicale qui sera telecharg\u00e9e lors de la finalisation de la commande !<\/strong><\/p>","protected":false},"featured_media":16800,"template":"","meta":[],"product_brand":[],"product_cat":[78,77],"product_tag":[80,600,598,82,81,599],"class_list":{"0":"post-22334","1":"product","2":"type-product","3":"status-publish","4":"has-post-thumbnail","6":"product_cat-capsule","7":"product_cat-dermatologie","8":"product_tag-capsule","9":"product_tag-deficit-vitamina-a","10":"product_tag-imunitate-scazuta","11":"product_tag-laborator-camera-curata","12":"product_tag-tratamente-personalizate","13":"product_tag-tulburari-de-vedere","15":"first","16":"outofstock","17":"shipping-taxable","18":"purchasable","19":"product-type-simple"},"_links":{"self":[{"href":"https:\/\/farmaciacrisia.ro\/fr\/wp-json\/wp\/v2\/product\/22334","targetHints":{"allow":["GET"]}}],"collection":[{"href":"https:\/\/farmaciacrisia.ro\/fr\/wp-json\/wp\/v2\/product"}],"about":[{"href":"https:\/\/farmaciacrisia.ro\/fr\/wp-json\/wp\/v2\/types\/product"}],"version-history":[{"count":3,"href":"https:\/\/farmaciacrisia.ro\/fr\/wp-json\/wp\/v2\/product\/22334\/revisions"}],"predecessor-version":[{"id":22352,"href":"https:\/\/farmaciacrisia.ro\/fr\/wp-json\/wp\/v2\/product\/22334\/revisions\/22352"}],"wp:featuredmedia":[{"embeddable":true,"href":"https:\/\/farmaciacrisia.ro\/fr\/wp-json\/wp\/v2\/media\/16800"}],"wp:attachment":[{"href":"https:\/\/farmaciacrisia.ro\/fr\/wp-json\/wp\/v2\/media?parent=22334"}],"wp:term":[{"taxonomy":"product_brand","embeddable":true,"href":"https:\/\/farmaciacrisia.ro\/fr\/wp-json\/wp\/v2\/product_brand?post=22334"},{"taxonomy":"product_cat","embeddable":true,"href":"https:\/\/farmaciacrisia.ro\/fr\/wp-json\/wp\/v2\/product_cat?post=22334"},{"taxonomy":"product_tag","embeddable":true,"href":"https:\/\/farmaciacrisia.ro\/fr\/wp-json\/wp\/v2\/product_tag?post=22334"}],"curies":[{"name":"wp","href":"https:\/\/api.w.org\/{rel}","templated":true}]}}