{"id":22342,"date":"2026-01-08T10:58:45","date_gmt":"2026-01-08T10:58:45","guid":{"rendered":"https:\/\/farmaciacrisia.ro\/?post_type=product&#038;p=22342"},"modified":"2026-02-02T10:53:52","modified_gmt":"2026-02-02T10:53:52","slug":"naltrexona-50-mg-capsule","status":"publish","type":"product","link":"https:\/\/farmaciacrisia.ro\/fr\/produit\/naltrexona-50-mg-capsule\/","title":{"rendered":"NALTREXONA 50 MG CAPSULE"},"content":{"rendered":"","protected":false},"excerpt":{"rendered":"<p><strong>Capsulele cu naltrexona 50 mg preparate in receptura\/laboratorul camera curata, sunt utilizate in principal pentru tratamentul dependentei de alcool si al dependentei de opioide, reducand dorinta de consum si prevenind recaderile. Actioneaza prin blocarea receptorilor opioizi, diminuand efectele euforizante ale alcoolului si opioidelor.<\/strong><\/p>\n<p>\u2713 Lors de la pr\u00e9paration des prescriptions magistrales, seules des substances actives de haute puret\u00e9 sont utilis\u00e9es, dans le respect des RBPF (R\u00e8gles de Bonnes Pratiques Pharmaceutiques). L'utilisation de m\u00e9dicaments standardis\u00e9s est exclue de ce processus de pr\u00e9paration.<\/p>\n<p><strong>Il n'est d\u00e9livr\u00e9 que sur la base d'une prescription m\u00e9dicale qui sera telecharg\u00e9e lors de la finalisation de la commande !<\/strong><\/p>","protected":false},"featured_media":16800,"template":"","meta":[],"product_brand":[],"product_cat":[494,514],"product_tag":[603],"class_list":{"0":"post-22342","1":"product","2":"type-product","3":"status-publish","4":"has-post-thumbnail","6":"product_cat-neurologie","7":"product_cat-psihiatrie","8":"product_tag-dependenta","10":"first","11":"outofstock","12":"shipping-taxable","13":"purchasable","14":"product-type-simple"},"_links":{"self":[{"href":"https:\/\/farmaciacrisia.ro\/fr\/wp-json\/wp\/v2\/product\/22342","targetHints":{"allow":["GET"]}}],"collection":[{"href":"https:\/\/farmaciacrisia.ro\/fr\/wp-json\/wp\/v2\/product"}],"about":[{"href":"https:\/\/farmaciacrisia.ro\/fr\/wp-json\/wp\/v2\/types\/product"}],"version-history":[{"count":3,"href":"https:\/\/farmaciacrisia.ro\/fr\/wp-json\/wp\/v2\/product\/22342\/revisions"}],"predecessor-version":[{"id":22475,"href":"https:\/\/farmaciacrisia.ro\/fr\/wp-json\/wp\/v2\/product\/22342\/revisions\/22475"}],"wp:featuredmedia":[{"embeddable":true,"href":"https:\/\/farmaciacrisia.ro\/fr\/wp-json\/wp\/v2\/media\/16800"}],"wp:attachment":[{"href":"https:\/\/farmaciacrisia.ro\/fr\/wp-json\/wp\/v2\/media?parent=22342"}],"wp:term":[{"taxonomy":"product_brand","embeddable":true,"href":"https:\/\/farmaciacrisia.ro\/fr\/wp-json\/wp\/v2\/product_brand?post=22342"},{"taxonomy":"product_cat","embeddable":true,"href":"https:\/\/farmaciacrisia.ro\/fr\/wp-json\/wp\/v2\/product_cat?post=22342"},{"taxonomy":"product_tag","embeddable":true,"href":"https:\/\/farmaciacrisia.ro\/fr\/wp-json\/wp\/v2\/product_tag?post=22342"}],"curies":[{"name":"wp","href":"https:\/\/api.w.org\/{rel}","templated":true}]}}