{"id":22460,"date":"2026-02-02T10:10:00","date_gmt":"2026-02-02T10:10:00","guid":{"rendered":"https:\/\/farmaciacrisia.ro\/?post_type=product&#038;p=22460"},"modified":"2026-02-02T11:19:20","modified_gmt":"2026-02-02T11:19:20","slug":"cromoglicat-de-sodiu-100-mg-5ml-sirop","status":"publish","type":"product","link":"https:\/\/farmaciacrisia.ro\/fr\/produit\/cromoglicat-de-sodiu-100-mg-5ml-sirop\/","title":{"rendered":"CROMOGLICAT DE SODIU 100 MG \/ 5 ML <br> SIROP"},"content":{"rendered":"","protected":false},"excerpt":{"rendered":"<p><strong>Siropul cu cromoglicat de sodiu 100 mg\/5ml preparat in receptura\/laboratorul camera curata, este utilizat pentru prevenirea si tratarea simptomelor alergice si astmului.<\/strong><\/p>\n<p>\u2713 Lors de la pr\u00e9paration des prescriptions magistrales, seules des substances actives de haute puret\u00e9 sont utilis\u00e9es, dans le respect des RBPF (R\u00e8gles de Bonnes Pratiques Pharmaceutiques). L'utilisation de m\u00e9dicaments standardis\u00e9s est exclue de ce processus de pr\u00e9paration.<\/p>\n<p><strong>Il n'est d\u00e9livr\u00e9 que sur la base d'une prescription m\u00e9dicale qui sera telecharg\u00e9e lors de la finalisation de la commande !<\/strong><\/p>","protected":false},"featured_media":17255,"template":"","meta":[],"product_brand":[],"product_cat":[186,274],"product_tag":[312,277],"class_list":{"0":"post-22460","1":"product","2":"type-product","3":"status-publish","4":"has-post-thumbnail","6":"product_cat-pediatrie","7":"product_cat-siropuri","8":"product_tag-astm","9":"product_tag-sirop","11":"first","12":"outofstock","13":"shipping-taxable","14":"purchasable","15":"product-type-simple"},"_links":{"self":[{"href":"https:\/\/farmaciacrisia.ro\/fr\/wp-json\/wp\/v2\/product\/22460","targetHints":{"allow":["GET"]}}],"collection":[{"href":"https:\/\/farmaciacrisia.ro\/fr\/wp-json\/wp\/v2\/product"}],"about":[{"href":"https:\/\/farmaciacrisia.ro\/fr\/wp-json\/wp\/v2\/types\/product"}],"version-history":[{"count":5,"href":"https:\/\/farmaciacrisia.ro\/fr\/wp-json\/wp\/v2\/product\/22460\/revisions"}],"predecessor-version":[{"id":22485,"href":"https:\/\/farmaciacrisia.ro\/fr\/wp-json\/wp\/v2\/product\/22460\/revisions\/22485"}],"wp:featuredmedia":[{"embeddable":true,"href":"https:\/\/farmaciacrisia.ro\/fr\/wp-json\/wp\/v2\/media\/17255"}],"wp:attachment":[{"href":"https:\/\/farmaciacrisia.ro\/fr\/wp-json\/wp\/v2\/media?parent=22460"}],"wp:term":[{"taxonomy":"product_brand","embeddable":true,"href":"https:\/\/farmaciacrisia.ro\/fr\/wp-json\/wp\/v2\/product_brand?post=22460"},{"taxonomy":"product_cat","embeddable":true,"href":"https:\/\/farmaciacrisia.ro\/fr\/wp-json\/wp\/v2\/product_cat?post=22460"},{"taxonomy":"product_tag","embeddable":true,"href":"https:\/\/farmaciacrisia.ro\/fr\/wp-json\/wp\/v2\/product_tag?post=22460"}],"curies":[{"name":"wp","href":"https:\/\/api.w.org\/{rel}","templated":true}]}}