{"id":22471,"date":"2026-02-02T10:39:20","date_gmt":"2026-02-02T10:39:20","guid":{"rendered":"https:\/\/farmaciacrisia.ro\/?post_type=product&#038;p=22471"},"modified":"2026-02-02T11:17:27","modified_gmt":"2026-02-02T11:17:27","slug":"atomoxetina-4-mg-ml-sirop","status":"publish","type":"product","link":"https:\/\/farmaciacrisia.ro\/fr\/produit\/atomoxetina-4-mg-ml-sirop\/","title":{"rendered":"ATOMOXETINA <br>4 MG\/ML <br> SIROP"},"content":{"rendered":"","protected":false},"excerpt":{"rendered":"<p><strong>Siropul cu Atomoxetina 4 mg\/ml, preparat in receptura\/laboratorul camera curata, este utilizat in tratamentul tulburarii de deficit de atentie si hiperactivitate (ADHD) la copii, adolescenti si adulti, conform prescriptiei medicale.<\/strong><\/p>\n<p>\u2713 In cadrul prepararii retetelor magistrale se utilizeaza doar substante active de inalta puritate, respectand normele RBPF (Reguli de Buna Practica Farmaceutica). Utilizarea medicamentelor standardizate este exclusa din acest proces de preparare.<\/p>\n<p><strong>Il n'est d\u00e9livr\u00e9 que sur la base d'une prescription m\u00e9dicale qui sera telecharg\u00e9e lors de la finalisation de la commande !<\/strong><\/p>","protected":false},"featured_media":17255,"template":"","meta":[],"product_brand":[],"product_cat":[494,514],"product_tag":[607,608],"class_list":{"0":"post-22471","1":"product","2":"type-product","3":"status-publish","4":"has-post-thumbnail","6":"product_cat-neurologie","7":"product_cat-psihiatrie","8":"product_tag-adhd","9":"product_tag-hiperactivitate","11":"first","12":"outofstock","13":"shipping-taxable","14":"purchasable","15":"product-type-simple"},"_links":{"self":[{"href":"https:\/\/farmaciacrisia.ro\/fr\/wp-json\/wp\/v2\/product\/22471","targetHints":{"allow":["GET"]}}],"collection":[{"href":"https:\/\/farmaciacrisia.ro\/fr\/wp-json\/wp\/v2\/product"}],"about":[{"href":"https:\/\/farmaciacrisia.ro\/fr\/wp-json\/wp\/v2\/types\/product"}],"version-history":[{"count":2,"href":"https:\/\/farmaciacrisia.ro\/fr\/wp-json\/wp\/v2\/product\/22471\/revisions"}],"predecessor-version":[{"id":22473,"href":"https:\/\/farmaciacrisia.ro\/fr\/wp-json\/wp\/v2\/product\/22471\/revisions\/22473"}],"wp:featuredmedia":[{"embeddable":true,"href":"https:\/\/farmaciacrisia.ro\/fr\/wp-json\/wp\/v2\/media\/17255"}],"wp:attachment":[{"href":"https:\/\/farmaciacrisia.ro\/fr\/wp-json\/wp\/v2\/media?parent=22471"}],"wp:term":[{"taxonomy":"product_brand","embeddable":true,"href":"https:\/\/farmaciacrisia.ro\/fr\/wp-json\/wp\/v2\/product_brand?post=22471"},{"taxonomy":"product_cat","embeddable":true,"href":"https:\/\/farmaciacrisia.ro\/fr\/wp-json\/wp\/v2\/product_cat?post=22471"},{"taxonomy":"product_tag","embeddable":true,"href":"https:\/\/farmaciacrisia.ro\/fr\/wp-json\/wp\/v2\/product_tag?post=22471"}],"curies":[{"name":"wp","href":"https:\/\/api.w.org\/{rel}","templated":true}]}}