{"id":22476,"date":"2026-02-02T10:54:27","date_gmt":"2026-02-02T10:54:27","guid":{"rendered":"https:\/\/farmaciacrisia.ro\/?post_type=product&#038;p=22476"},"modified":"2026-02-02T11:20:37","modified_gmt":"2026-02-02T11:20:37","slug":"bupropiona-50-mg-capsule","status":"publish","type":"product","link":"https:\/\/farmaciacrisia.ro\/fr\/produit\/bupropiona-50-mg-capsule\/","title":{"rendered":"BUPROPIONA <br>50 MG <br> CAPSULE"},"content":{"rendered":"","protected":false},"excerpt":{"rendered":"<p><strong>Capsulele orale cu Bupropiona 50 mg, preparate in receptura\/laboratorul camera curata, sunt utilizate conform prescriptiei medicale, in tratamentul depresiei, tulburarilor afective si ca adjuvant in renuntarea la fumat, atunci cand este indicat de medic.<\/strong><\/p>\n<p>\u2713 In cadrul prepararii retetelor magistrale se utilizeaza doar substante active de inalta puritate, respectand normele RBPF (Reguli de Buna Practica Farmaceutica). Utilizarea medicamentelor standardizate este exclusa din acest proces de preparare.<\/p>\n<p><strong>Il n'est d\u00e9livr\u00e9 que sur la base d'une prescription m\u00e9dicale qui sera telecharg\u00e9e lors de la finalisation de la commande !<\/strong><\/p>","protected":false},"featured_media":16800,"template":"","meta":[],"product_brand":[],"product_cat":[494,514],"product_tag":[603,604],"class_list":{"0":"post-22476","1":"product","2":"type-product","3":"status-publish","4":"has-post-thumbnail","6":"product_cat-neurologie","7":"product_cat-psihiatrie","8":"product_tag-dependenta","9":"product_tag-depresie","11":"first","12":"outofstock","13":"shipping-taxable","14":"purchasable","15":"product-type-simple"},"_links":{"self":[{"href":"https:\/\/farmaciacrisia.ro\/fr\/wp-json\/wp\/v2\/product\/22476","targetHints":{"allow":["GET"]}}],"collection":[{"href":"https:\/\/farmaciacrisia.ro\/fr\/wp-json\/wp\/v2\/product"}],"about":[{"href":"https:\/\/farmaciacrisia.ro\/fr\/wp-json\/wp\/v2\/types\/product"}],"version-history":[{"count":1,"href":"https:\/\/farmaciacrisia.ro\/fr\/wp-json\/wp\/v2\/product\/22476\/revisions"}],"predecessor-version":[{"id":22477,"href":"https:\/\/farmaciacrisia.ro\/fr\/wp-json\/wp\/v2\/product\/22476\/revisions\/22477"}],"wp:featuredmedia":[{"embeddable":true,"href":"https:\/\/farmaciacrisia.ro\/fr\/wp-json\/wp\/v2\/media\/16800"}],"wp:attachment":[{"href":"https:\/\/farmaciacrisia.ro\/fr\/wp-json\/wp\/v2\/media?parent=22476"}],"wp:term":[{"taxonomy":"product_brand","embeddable":true,"href":"https:\/\/farmaciacrisia.ro\/fr\/wp-json\/wp\/v2\/product_brand?post=22476"},{"taxonomy":"product_cat","embeddable":true,"href":"https:\/\/farmaciacrisia.ro\/fr\/wp-json\/wp\/v2\/product_cat?post=22476"},{"taxonomy":"product_tag","embeddable":true,"href":"https:\/\/farmaciacrisia.ro\/fr\/wp-json\/wp\/v2\/product_tag?post=22476"}],"curies":[{"name":"wp","href":"https:\/\/api.w.org\/{rel}","templated":true}]}}