{"id":22910,"date":"2026-04-20T07:37:29","date_gmt":"2026-04-20T07:37:29","guid":{"rendered":"https:\/\/farmaciacrisia.ro\/?post_type=product&#038;p=22910"},"modified":"2026-04-20T08:45:00","modified_gmt":"2026-04-20T08:45:00","slug":"omni-biotic-10-x10-plicuri","status":"publish","type":"product","link":"https:\/\/farmaciacrisia.ro\/fr\/produit\/omni-biotic-10-x10-plicuri\/","title":{"rendered":"OMNI BIOTIC\u00ae 10 <br>x10 plicuri"},"content":{"rendered":"","protected":false},"excerpt":{"rendered":"<p><strong>OMNI-BIOTIC\u00ae 10<\/strong> este un supliment alimentar probiotic premium, formulat cu 10 tulpini atent selec\u021bionate de bacterii vii, pentru sus\u021binerea echilibrului florei intestinale (microbiomului). Fiecare doz\u0103 furnizeaz\u0103 un aport ridicat de culturi bacteriene active, contribuind la men\u021binerea s\u0103n\u0103t\u0103\u021bii digestive \u0219i la sus\u021binerea sistemului imunitar.<\/p>\n<p>Formula este conceput\u0103 pentru a asigura stabilitatea bacteriilor p\u00e2n\u0103 la nivel intestinal, sprijinind refacerea florei afectate de antibiotice, stres, alimenta\u021bie dezechilibrat\u0103 sau episoade digestive acute.<\/p>","protected":false},"featured_media":22944,"template":"","meta":[],"product_brand":[],"product_cat":[583,15],"product_tag":[584],"class_list":{"0":"post-22910","1":"product","2":"type-product","3":"status-publish","4":"has-post-thumbnail","6":"product_cat-suplimente","7":"product_cat-uncategorized","8":"product_tag-suplimente","10":"first","11":"instock","12":"shipping-taxable","13":"purchasable","14":"product-type-simple"},"_links":{"self":[{"href":"https:\/\/farmaciacrisia.ro\/fr\/wp-json\/wp\/v2\/product\/22910","targetHints":{"allow":["GET"]}}],"collection":[{"href":"https:\/\/farmaciacrisia.ro\/fr\/wp-json\/wp\/v2\/product"}],"about":[{"href":"https:\/\/farmaciacrisia.ro\/fr\/wp-json\/wp\/v2\/types\/product"}],"version-history":[{"count":4,"href":"https:\/\/farmaciacrisia.ro\/fr\/wp-json\/wp\/v2\/product\/22910\/revisions"}],"predecessor-version":[{"id":22956,"href":"https:\/\/farmaciacrisia.ro\/fr\/wp-json\/wp\/v2\/product\/22910\/revisions\/22956"}],"wp:featuredmedia":[{"embeddable":true,"href":"https:\/\/farmaciacrisia.ro\/fr\/wp-json\/wp\/v2\/media\/22944"}],"wp:attachment":[{"href":"https:\/\/farmaciacrisia.ro\/fr\/wp-json\/wp\/v2\/media?parent=22910"}],"wp:term":[{"taxonomy":"product_brand","embeddable":true,"href":"https:\/\/farmaciacrisia.ro\/fr\/wp-json\/wp\/v2\/product_brand?post=22910"},{"taxonomy":"product_cat","embeddable":true,"href":"https:\/\/farmaciacrisia.ro\/fr\/wp-json\/wp\/v2\/product_cat?post=22910"},{"taxonomy":"product_tag","embeddable":true,"href":"https:\/\/farmaciacrisia.ro\/fr\/wp-json\/wp\/v2\/product_tag?post=22910"}],"curies":[{"name":"wp","href":"https:\/\/api.w.org\/{rel}","templated":true}]}}