{"id":22938,"date":"2026-04-20T08:14:26","date_gmt":"2026-04-20T08:14:26","guid":{"rendered":"https:\/\/farmaciacrisia.ro\/?post_type=product&#038;p=22938"},"modified":"2026-04-20T08:37:29","modified_gmt":"2026-04-20T08:37:29","slug":"omni-biotic-panda-x30-plicuri","status":"publish","type":"product","link":"https:\/\/farmaciacrisia.ro\/fr\/produit\/omni-biotic-panda-x30-plicuri\/","title":{"rendered":"OMNI-BIOTIC\u00ae PANDA <br>x30 plicuri"},"content":{"rendered":"","protected":false},"excerpt":{"rendered":"<p><strong>OMNI-BIOTIC\u00ae PANDA <\/strong>ste un probiotic \/ simbiotic (supliment alimentar) conceput pentru sus\u021binerea florei intestinale \u0219i a sistemului imunitar at\u00e2t la femei \u00eens\u0103rcinate, c\u00e2t \u0219i la copii, inclusiv sugari din prima zi de via\u021b\u0103. Produsul con\u021bine tulpini bacteriene benefice care se reg\u0103sesc \u00een mod natural \u00een tractul digestiv<\/p>","protected":false},"featured_media":22946,"template":"","meta":[],"product_brand":[],"product_cat":[583,15],"product_tag":[584],"class_list":{"0":"post-22938","1":"product","2":"type-product","3":"status-publish","4":"has-post-thumbnail","6":"product_cat-suplimente","7":"product_cat-uncategorized","8":"product_tag-suplimente","10":"first","11":"instock","12":"shipping-taxable","13":"purchasable","14":"product-type-simple"},"_links":{"self":[{"href":"https:\/\/farmaciacrisia.ro\/fr\/wp-json\/wp\/v2\/product\/22938","targetHints":{"allow":["GET"]}}],"collection":[{"href":"https:\/\/farmaciacrisia.ro\/fr\/wp-json\/wp\/v2\/product"}],"about":[{"href":"https:\/\/farmaciacrisia.ro\/fr\/wp-json\/wp\/v2\/types\/product"}],"version-history":[{"count":1,"href":"https:\/\/farmaciacrisia.ro\/fr\/wp-json\/wp\/v2\/product\/22938\/revisions"}],"predecessor-version":[{"id":22940,"href":"https:\/\/farmaciacrisia.ro\/fr\/wp-json\/wp\/v2\/product\/22938\/revisions\/22940"}],"wp:featuredmedia":[{"embeddable":true,"href":"https:\/\/farmaciacrisia.ro\/fr\/wp-json\/wp\/v2\/media\/22946"}],"wp:attachment":[{"href":"https:\/\/farmaciacrisia.ro\/fr\/wp-json\/wp\/v2\/media?parent=22938"}],"wp:term":[{"taxonomy":"product_brand","embeddable":true,"href":"https:\/\/farmaciacrisia.ro\/fr\/wp-json\/wp\/v2\/product_brand?post=22938"},{"taxonomy":"product_cat","embeddable":true,"href":"https:\/\/farmaciacrisia.ro\/fr\/wp-json\/wp\/v2\/product_cat?post=22938"},{"taxonomy":"product_tag","embeddable":true,"href":"https:\/\/farmaciacrisia.ro\/fr\/wp-json\/wp\/v2\/product_tag?post=22938"}],"curies":[{"name":"wp","href":"https:\/\/api.w.org\/{rel}","templated":true}]}}