{"id":22947,"date":"2026-04-20T08:29:19","date_gmt":"2026-04-20T08:29:19","guid":{"rendered":"https:\/\/farmaciacrisia.ro\/?post_type=product&#038;p=22947"},"modified":"2026-04-20T08:35:36","modified_gmt":"2026-04-20T08:35:36","slug":"omni-biotic-6-x60-gr","status":"publish","type":"product","link":"https:\/\/farmaciacrisia.ro\/fr\/produit\/omni-biotic-6-x60-gr\/","title":{"rendered":"OMNI-BIOTIC\u00ae 6 <br>x60 gr"},"content":{"rendered":"","protected":false},"excerpt":{"rendered":"<p><strong>OMNI-BIOTIC<sup>\u00ae<\/sup>\u00a06<\/strong>, 60\u202fg este un probiotic sinbiotic universal sub form\u0103 de pulbere (60 g) conceput pentru sus\u021binerea s\u0103n\u0103t\u0103\u021bii florei intestinale \u0219i echilibrului digestiv. Produsul combin\u0103 culturi bacteriene probiotice naturale cu substan\u021be prebiotice \u0219i enzime pentru a sprijini microflora intestinal\u0103<\/p>","protected":false},"featured_media":22948,"template":"","meta":[],"product_brand":[],"product_cat":[583,15],"product_tag":[584],"class_list":{"0":"post-22947","1":"product","2":"type-product","3":"status-publish","4":"has-post-thumbnail","6":"product_cat-suplimente","7":"product_cat-uncategorized","8":"product_tag-suplimente","10":"first","11":"instock","12":"shipping-taxable","13":"purchasable","14":"product-type-simple"},"_links":{"self":[{"href":"https:\/\/farmaciacrisia.ro\/fr\/wp-json\/wp\/v2\/product\/22947","targetHints":{"allow":["GET"]}}],"collection":[{"href":"https:\/\/farmaciacrisia.ro\/fr\/wp-json\/wp\/v2\/product"}],"about":[{"href":"https:\/\/farmaciacrisia.ro\/fr\/wp-json\/wp\/v2\/types\/product"}],"version-history":[{"count":1,"href":"https:\/\/farmaciacrisia.ro\/fr\/wp-json\/wp\/v2\/product\/22947\/revisions"}],"predecessor-version":[{"id":22949,"href":"https:\/\/farmaciacrisia.ro\/fr\/wp-json\/wp\/v2\/product\/22947\/revisions\/22949"}],"wp:featuredmedia":[{"embeddable":true,"href":"https:\/\/farmaciacrisia.ro\/fr\/wp-json\/wp\/v2\/media\/22948"}],"wp:attachment":[{"href":"https:\/\/farmaciacrisia.ro\/fr\/wp-json\/wp\/v2\/media?parent=22947"}],"wp:term":[{"taxonomy":"product_brand","embeddable":true,"href":"https:\/\/farmaciacrisia.ro\/fr\/wp-json\/wp\/v2\/product_brand?post=22947"},{"taxonomy":"product_cat","embeddable":true,"href":"https:\/\/farmaciacrisia.ro\/fr\/wp-json\/wp\/v2\/product_cat?post=22947"},{"taxonomy":"product_tag","embeddable":true,"href":"https:\/\/farmaciacrisia.ro\/fr\/wp-json\/wp\/v2\/product_tag?post=22947"}],"curies":[{"name":"wp","href":"https:\/\/api.w.org\/{rel}","templated":true}]}}