{"id":22968,"date":"2026-04-20T09:26:58","date_gmt":"2026-04-20T09:26:58","guid":{"rendered":"https:\/\/farmaciacrisia.ro\/?post_type=product&#038;p=22968"},"modified":"2026-04-21T09:25:44","modified_gmt":"2026-04-21T09:25:44","slug":"senti2-picaturi-hidratante-pentru-ochi-uscati-cu-acid-hialuronic-02-x10-ml","status":"publish","type":"product","link":"https:\/\/farmaciacrisia.ro\/fr\/produit\/senti2-picaturi-hidratante-pentru-ochi-uscati-cu-acid-hialuronic-02-x10-ml\/","title":{"rendered":"SENTI2 PICATURI HIDRATANTE PENTRU OCHI USCATI CU ACID HIALURONIC 0,2% x10 ml"},"content":{"rendered":"","protected":false},"excerpt":{"rendered":"<p><span style=\"box-sizing: border-box; margin: 0px; padding: 0px;\"><strong>SENTI2 PIC\u0102TURI HIDRATANTE PENTRU OCHI <\/strong>este o solu\u021bie limpede, incolor\u0103, \u00een flacoane presterilizate, cu hialuronat de sodiu, care calmeaz\u0103 \u0219i ofer\u0103 confort ochilor.<\/span><br \/>\nAgentul de hidratare cu hialuronat de sodiu formeaz\u0103 o solu\u021bie vasco-elastic\u0103 \u00een ap\u0103 \u0219i, astfel, calmeaz\u0103 ochii usca\u021bi \u0219i irita\u021bi ca urmare a utiliz\u0103rii prelungite a computerului\/televizorului, factorilor de mediu (cum ar fi praful, c\u0103ldura, fumul etc.)<\/p>","protected":false},"featured_media":22969,"template":"","meta":[],"product_brand":[],"product_cat":[15],"product_tag":[],"class_list":{"0":"post-22968","1":"product","2":"type-product","3":"status-publish","4":"has-post-thumbnail","6":"product_cat-uncategorized","8":"first","9":"instock","10":"shipping-taxable","11":"purchasable","12":"product-type-simple"},"_links":{"self":[{"href":"https:\/\/farmaciacrisia.ro\/fr\/wp-json\/wp\/v2\/product\/22968","targetHints":{"allow":["GET"]}}],"collection":[{"href":"https:\/\/farmaciacrisia.ro\/fr\/wp-json\/wp\/v2\/product"}],"about":[{"href":"https:\/\/farmaciacrisia.ro\/fr\/wp-json\/wp\/v2\/types\/product"}],"version-history":[{"count":3,"href":"https:\/\/farmaciacrisia.ro\/fr\/wp-json\/wp\/v2\/product\/22968\/revisions"}],"predecessor-version":[{"id":23063,"href":"https:\/\/farmaciacrisia.ro\/fr\/wp-json\/wp\/v2\/product\/22968\/revisions\/23063"}],"wp:featuredmedia":[{"embeddable":true,"href":"https:\/\/farmaciacrisia.ro\/fr\/wp-json\/wp\/v2\/media\/22969"}],"wp:attachment":[{"href":"https:\/\/farmaciacrisia.ro\/fr\/wp-json\/wp\/v2\/media?parent=22968"}],"wp:term":[{"taxonomy":"product_brand","embeddable":true,"href":"https:\/\/farmaciacrisia.ro\/fr\/wp-json\/wp\/v2\/product_brand?post=22968"},{"taxonomy":"product_cat","embeddable":true,"href":"https:\/\/farmaciacrisia.ro\/fr\/wp-json\/wp\/v2\/product_cat?post=22968"},{"taxonomy":"product_tag","embeddable":true,"href":"https:\/\/farmaciacrisia.ro\/fr\/wp-json\/wp\/v2\/product_tag?post=22968"}],"curies":[{"name":"wp","href":"https:\/\/api.w.org\/{rel}","templated":true}]}}