{"id":22971,"date":"2026-04-20T09:36:04","date_gmt":"2026-04-20T09:36:04","guid":{"rendered":"https:\/\/farmaciacrisia.ro\/?post_type=product&#038;p=22971"},"modified":"2026-04-20T09:41:28","modified_gmt":"2026-04-20T09:41:28","slug":"senti2-ser-fiziologic-x-30-monodoze-5-ml","status":"publish","type":"product","link":"https:\/\/farmaciacrisia.ro\/fr\/produit\/senti2-ser-fiziologic-x-30-monodoze-5-ml\/","title":{"rendered":"SENTI2 SER FIZIOLOGIC x 30 MONODOZE 5 ml"},"content":{"rendered":"","protected":false},"excerpt":{"rendered":"<p><strong>SENTI2 SER FIZIOLOGIC\u00a0<\/strong>este o solu\u021bie izotonic\u0103 steril\u0103 \u0219i poate fi folosit\u0103 \u00een scopuri multiple. Cura\u021b\u0103, decongestioneaz\u0103 \u0219i previne infec\u021biile. Este indicat\u0103 pentru igiena ocular\u0103, nazal\u0103 \u0219i auricular\u0103, precum \u0219i pentru cur\u0103\u021barea r\u0103nilor, deoarece ajut\u0103 la \u00eendep\u0103rtarea eventualilor agen\u021bi str\u0103ini \u0219i germeni. De asemenea, poate fi folosit si in terapia cu aerosoli.<\/p>","protected":false},"featured_media":22973,"template":"","meta":[],"product_brand":[],"product_cat":[15],"product_tag":[],"class_list":{"0":"post-22971","1":"product","2":"type-product","3":"status-publish","4":"has-post-thumbnail","6":"product_cat-uncategorized","8":"first","9":"instock","10":"shipping-taxable","11":"purchasable","12":"product-type-simple"},"_links":{"self":[{"href":"https:\/\/farmaciacrisia.ro\/fr\/wp-json\/wp\/v2\/product\/22971","targetHints":{"allow":["GET"]}}],"collection":[{"href":"https:\/\/farmaciacrisia.ro\/fr\/wp-json\/wp\/v2\/product"}],"about":[{"href":"https:\/\/farmaciacrisia.ro\/fr\/wp-json\/wp\/v2\/types\/product"}],"version-history":[{"count":1,"href":"https:\/\/farmaciacrisia.ro\/fr\/wp-json\/wp\/v2\/product\/22971\/revisions"}],"predecessor-version":[{"id":22974,"href":"https:\/\/farmaciacrisia.ro\/fr\/wp-json\/wp\/v2\/product\/22971\/revisions\/22974"}],"wp:featuredmedia":[{"embeddable":true,"href":"https:\/\/farmaciacrisia.ro\/fr\/wp-json\/wp\/v2\/media\/22973"}],"wp:attachment":[{"href":"https:\/\/farmaciacrisia.ro\/fr\/wp-json\/wp\/v2\/media?parent=22971"}],"wp:term":[{"taxonomy":"product_brand","embeddable":true,"href":"https:\/\/farmaciacrisia.ro\/fr\/wp-json\/wp\/v2\/product_brand?post=22971"},{"taxonomy":"product_cat","embeddable":true,"href":"https:\/\/farmaciacrisia.ro\/fr\/wp-json\/wp\/v2\/product_cat?post=22971"},{"taxonomy":"product_tag","embeddable":true,"href":"https:\/\/farmaciacrisia.ro\/fr\/wp-json\/wp\/v2\/product_tag?post=22971"}],"curies":[{"name":"wp","href":"https:\/\/api.w.org\/{rel}","templated":true}]}}