{"id":22987,"date":"2026-04-20T09:59:19","date_gmt":"2026-04-20T09:59:19","guid":{"rendered":"https:\/\/farmaciacrisia.ro\/?post_type=product&#038;p=22987"},"modified":"2026-04-20T10:02:58","modified_gmt":"2026-04-20T10:02:58","slug":"senti2-spray-nazal-hipertonic-cu-apa-de-mare-x-30-ml","status":"publish","type":"product","link":"https:\/\/farmaciacrisia.ro\/fr\/produit\/senti2-spray-nazal-hipertonic-cu-apa-de-mare-x-30-ml\/","title":{"rendered":"SENTI2 SPRAY NAZAL HIPERTONIC CU APA DE MARE x 30 ML"},"content":{"rendered":"","protected":false},"excerpt":{"rendered":"<p><span style=\"box-sizing: border-box; margin: 0px; padding: 0px;\"><strong>SENTI2 SPRAY NAZAL HIPERTONIC CU AP\u0102 DE MARE <\/strong><\/span>este o solu\u021bie nazal\u0103 pe baz\u0103 de ap\u0103 de mare cu concentra\u021bie hipertonic\u0103, destinat\u0103 igienei zilnice a foselor nazale \u0219i descongestion\u0103rii mucoasei nazale.<\/p>\n<p>Formula hipertonic\u0103 ac\u021bioneaz\u0103 prin mecanism osmotic, favoriz\u00e2nd reducerea edemului mucoasei nazale \u0219i facilit\u00e2nd eliminarea secre\u021biilor excesive. Contribuie la fluidificarea mucusului, \u00eembun\u0103t\u0103\u021birea respira\u021biei nazale \u0219i sus\u021binerea func\u021biei fiziologice a mucoasei respiratorii.<\/p>\n<p>Produsul este recomandat \u00een caz de congestie nazal\u0103 asociat\u0103 r\u0103celii, rinitei alergice sau sinuzitei \u0219i poate fi utilizat ca adjuvant \u00een tratamentele ORL.<\/p>","protected":false},"featured_media":22989,"template":"","meta":[],"product_brand":[],"product_cat":[15],"product_tag":[],"class_list":{"0":"post-22987","1":"product","2":"type-product","3":"status-publish","4":"has-post-thumbnail","6":"product_cat-uncategorized","8":"first","9":"instock","10":"shipping-taxable","11":"purchasable","12":"product-type-simple"},"_links":{"self":[{"href":"https:\/\/farmaciacrisia.ro\/fr\/wp-json\/wp\/v2\/product\/22987","targetHints":{"allow":["GET"]}}],"collection":[{"href":"https:\/\/farmaciacrisia.ro\/fr\/wp-json\/wp\/v2\/product"}],"about":[{"href":"https:\/\/farmaciacrisia.ro\/fr\/wp-json\/wp\/v2\/types\/product"}],"version-history":[{"count":1,"href":"https:\/\/farmaciacrisia.ro\/fr\/wp-json\/wp\/v2\/product\/22987\/revisions"}],"predecessor-version":[{"id":22990,"href":"https:\/\/farmaciacrisia.ro\/fr\/wp-json\/wp\/v2\/product\/22987\/revisions\/22990"}],"wp:featuredmedia":[{"embeddable":true,"href":"https:\/\/farmaciacrisia.ro\/fr\/wp-json\/wp\/v2\/media\/22989"}],"wp:attachment":[{"href":"https:\/\/farmaciacrisia.ro\/fr\/wp-json\/wp\/v2\/media?parent=22987"}],"wp:term":[{"taxonomy":"product_brand","embeddable":true,"href":"https:\/\/farmaciacrisia.ro\/fr\/wp-json\/wp\/v2\/product_brand?post=22987"},{"taxonomy":"product_cat","embeddable":true,"href":"https:\/\/farmaciacrisia.ro\/fr\/wp-json\/wp\/v2\/product_cat?post=22987"},{"taxonomy":"product_tag","embeddable":true,"href":"https:\/\/farmaciacrisia.ro\/fr\/wp-json\/wp\/v2\/product_tag?post=22987"}],"curies":[{"name":"wp","href":"https:\/\/api.w.org\/{rel}","templated":true}]}}