{"id":22991,"date":"2026-04-20T10:04:10","date_gmt":"2026-04-20T10:04:10","guid":{"rendered":"https:\/\/farmaciacrisia.ro\/?post_type=product&#038;p=22991"},"modified":"2026-04-20T10:06:45","modified_gmt":"2026-04-20T10:06:45","slug":"senti2-spray-nazal-izotonic-cu-apa-de-mare-x-100-ml","status":"publish","type":"product","link":"https:\/\/farmaciacrisia.ro\/fr\/produit\/senti2-spray-nazal-izotonic-cu-apa-de-mare-x-100-ml\/","title":{"rendered":"SENTI2 SPRAY NAZAL IZOTONIC CU APA DE MARE x 100 ML"},"content":{"rendered":"","protected":false},"excerpt":{"rendered":"<p><span style=\"box-sizing: border-box; margin: 0px; padding: 0px;\"><strong>SENTI2 SPRAY NAZAL IZOTONIC CU AP\u0102 DE MARE <\/strong><\/span>este o solu\u021bie nazal\u0103 steril\u0103, cu concentra\u021bie izotonic\u0103, destinat\u0103 igienei zilnice a cavit\u0103\u021bii nazale \u0219i men\u021binerii func\u021biei fiziologice a mucoasei respiratorii.<\/p>\n<p>Datorit\u0103 compozi\u021biei echilibrate, compatibile cu mediul natural al mucoasei nazale, solu\u021bia izotonic\u0103 cur\u0103\u021b\u0103 delicat c\u0103ile nazale, \u00eendep\u0103rteaz\u0103 secre\u021biile, particulele de praf, polenul \u0219i alergenii, f\u0103r\u0103 a produce usc\u0103ciune sau irita\u021bie.<\/p>\n<p>Este potrivit pentru utilizare frecvent\u0103 \u0219i poate fi folosit ca adjuvant \u00een tratamentele ORL, contribuind la men\u021binerea hidrat\u0103rii mucoasei nazale.<\/p>","protected":false},"featured_media":22962,"template":"","meta":[],"product_brand":[],"product_cat":[15],"product_tag":[],"class_list":{"0":"post-22991","1":"product","2":"type-product","3":"status-publish","4":"has-post-thumbnail","6":"product_cat-uncategorized","8":"first","9":"instock","10":"shipping-taxable","11":"purchasable","12":"product-type-simple"},"_links":{"self":[{"href":"https:\/\/farmaciacrisia.ro\/fr\/wp-json\/wp\/v2\/product\/22991","targetHints":{"allow":["GET"]}}],"collection":[{"href":"https:\/\/farmaciacrisia.ro\/fr\/wp-json\/wp\/v2\/product"}],"about":[{"href":"https:\/\/farmaciacrisia.ro\/fr\/wp-json\/wp\/v2\/types\/product"}],"version-history":[{"count":1,"href":"https:\/\/farmaciacrisia.ro\/fr\/wp-json\/wp\/v2\/product\/22991\/revisions"}],"predecessor-version":[{"id":22992,"href":"https:\/\/farmaciacrisia.ro\/fr\/wp-json\/wp\/v2\/product\/22991\/revisions\/22992"}],"wp:featuredmedia":[{"embeddable":true,"href":"https:\/\/farmaciacrisia.ro\/fr\/wp-json\/wp\/v2\/media\/22962"}],"wp:attachment":[{"href":"https:\/\/farmaciacrisia.ro\/fr\/wp-json\/wp\/v2\/media?parent=22991"}],"wp:term":[{"taxonomy":"product_brand","embeddable":true,"href":"https:\/\/farmaciacrisia.ro\/fr\/wp-json\/wp\/v2\/product_brand?post=22991"},{"taxonomy":"product_cat","embeddable":true,"href":"https:\/\/farmaciacrisia.ro\/fr\/wp-json\/wp\/v2\/product_cat?post=22991"},{"taxonomy":"product_tag","embeddable":true,"href":"https:\/\/farmaciacrisia.ro\/fr\/wp-json\/wp\/v2\/product_tag?post=22991"}],"curies":[{"name":"wp","href":"https:\/\/api.w.org\/{rel}","templated":true}]}}