{"id":22996,"date":"2026-04-20T10:42:01","date_gmt":"2026-04-20T10:42:01","guid":{"rendered":"https:\/\/farmaciacrisia.ro\/?post_type=product&#038;p=22996"},"modified":"2026-04-20T10:45:46","modified_gmt":"2026-04-20T10:45:46","slug":"vea-deo-x-30-ml","status":"publish","type":"product","link":"https:\/\/farmaciacrisia.ro\/fr\/produit\/vea-deo-x-30-ml\/","title":{"rendered":"Vea DEO X 30 ML"},"content":{"rendered":"","protected":false},"excerpt":{"rendered":"<p><strong>VEA DEO<\/strong> este un deodorant lipogel pe baz\u0103 de Vitamina E, cu eficacitate \u0219i tolerabilitate ridicate. Reduce transpira\u021bia (demonstrat prin teste instrumentale) \u0219i mirosul nepl\u0103cut (testul sniff) \u00een mod natural, prin combaterea prolifer\u0103rii bacteriilor care provoac\u0103 mirosul nepl\u0103cut. De lung\u0103 durat\u0103, o singur\u0103 aplicare este eficient\u0103 p\u00e2n\u0103 la 72 de ore. Nelipicios, non-gras \u0219i nu las\u0103 pete pe haine.<br data-start=\"415\" data-end=\"418\" \/>Nu con\u021bine s\u0103ruri de aluminiu, f\u0103r\u0103 parfum, coloran\u021bi, conservan\u021bi \u0219i alcool. Hipoalergenic, formulat pentru a minimiza riscul de reac\u021bii alergice.<\/p>","protected":false},"featured_media":22997,"template":"","meta":[],"product_brand":[],"product_cat":[15],"product_tag":[],"class_list":{"0":"post-22996","1":"product","2":"type-product","3":"status-publish","4":"has-post-thumbnail","6":"product_cat-uncategorized","8":"first","9":"instock","10":"shipping-taxable","11":"purchasable","12":"product-type-simple"},"_links":{"self":[{"href":"https:\/\/farmaciacrisia.ro\/fr\/wp-json\/wp\/v2\/product\/22996","targetHints":{"allow":["GET"]}}],"collection":[{"href":"https:\/\/farmaciacrisia.ro\/fr\/wp-json\/wp\/v2\/product"}],"about":[{"href":"https:\/\/farmaciacrisia.ro\/fr\/wp-json\/wp\/v2\/types\/product"}],"version-history":[{"count":2,"href":"https:\/\/farmaciacrisia.ro\/fr\/wp-json\/wp\/v2\/product\/22996\/revisions"}],"predecessor-version":[{"id":22999,"href":"https:\/\/farmaciacrisia.ro\/fr\/wp-json\/wp\/v2\/product\/22996\/revisions\/22999"}],"wp:featuredmedia":[{"embeddable":true,"href":"https:\/\/farmaciacrisia.ro\/fr\/wp-json\/wp\/v2\/media\/22997"}],"wp:attachment":[{"href":"https:\/\/farmaciacrisia.ro\/fr\/wp-json\/wp\/v2\/media?parent=22996"}],"wp:term":[{"taxonomy":"product_brand","embeddable":true,"href":"https:\/\/farmaciacrisia.ro\/fr\/wp-json\/wp\/v2\/product_brand?post=22996"},{"taxonomy":"product_cat","embeddable":true,"href":"https:\/\/farmaciacrisia.ro\/fr\/wp-json\/wp\/v2\/product_cat?post=22996"},{"taxonomy":"product_tag","embeddable":true,"href":"https:\/\/farmaciacrisia.ro\/fr\/wp-json\/wp\/v2\/product_tag?post=22996"}],"curies":[{"name":"wp","href":"https:\/\/api.w.org\/{rel}","templated":true}]}}