{"id":23000,"date":"2026-04-20T10:47:09","date_gmt":"2026-04-20T10:47:09","guid":{"rendered":"https:\/\/farmaciacrisia.ro\/?post_type=product&#038;p=23000"},"modified":"2026-04-20T10:50:08","modified_gmt":"2026-04-20T10:50:08","slug":"vea-detergente-250-ml","status":"publish","type":"product","link":"https:\/\/farmaciacrisia.ro\/fr\/produit\/vea-detergente-250-ml\/","title":{"rendered":"Vea DETERGENTE 250 ML"},"content":{"rendered":"","protected":false},"excerpt":{"rendered":"<p><strong>VEA DETERGENTE<\/strong>\u00a0este un produs de cur\u0103\u021bare bazat pe un concept inovator, con\u021bine un agent activ de suprafa\u021b\u0103 (non-ionic) de origine vegetal\u0103 exclusiv\u0103. Este delicat \u0219i nu irit\u0103 pielea datorit\u0103 con\u021binutului ridicat de VEA Olio (vitamina E acetat). Ac\u021biunea sa bl\u00e2nd\u0103 de cur\u0103\u021bare calmeaz\u0103 \u0219i hidrateaz\u0103 pielea sensibil\u0103 sau uscat\u0103. Nu con\u021bine detergen\u021bi anionici (s\u0103pun sau deriva\u021bi din SLS\/SLES). Nu con\u021bine detergen\u021bi amfoteri (deriva\u021bi din betaine).<br data-start=\"466\" data-end=\"469\" \/>F\u0103r\u0103 parfum, conservan\u021bi, coloran\u021bi, pentru a reduce la minimum riscul de reac\u021bii alergice.<\/p>","protected":false},"featured_media":23002,"template":"","meta":[],"product_brand":[],"product_cat":[15],"product_tag":[],"class_list":{"0":"post-23000","1":"product","2":"type-product","3":"status-publish","4":"has-post-thumbnail","6":"product_cat-uncategorized","8":"first","9":"instock","10":"shipping-taxable","11":"purchasable","12":"product-type-simple"},"_links":{"self":[{"href":"https:\/\/farmaciacrisia.ro\/fr\/wp-json\/wp\/v2\/product\/23000","targetHints":{"allow":["GET"]}}],"collection":[{"href":"https:\/\/farmaciacrisia.ro\/fr\/wp-json\/wp\/v2\/product"}],"about":[{"href":"https:\/\/farmaciacrisia.ro\/fr\/wp-json\/wp\/v2\/types\/product"}],"version-history":[{"count":1,"href":"https:\/\/farmaciacrisia.ro\/fr\/wp-json\/wp\/v2\/product\/23000\/revisions"}],"predecessor-version":[{"id":23003,"href":"https:\/\/farmaciacrisia.ro\/fr\/wp-json\/wp\/v2\/product\/23000\/revisions\/23003"}],"wp:featuredmedia":[{"embeddable":true,"href":"https:\/\/farmaciacrisia.ro\/fr\/wp-json\/wp\/v2\/media\/23002"}],"wp:attachment":[{"href":"https:\/\/farmaciacrisia.ro\/fr\/wp-json\/wp\/v2\/media?parent=23000"}],"wp:term":[{"taxonomy":"product_brand","embeddable":true,"href":"https:\/\/farmaciacrisia.ro\/fr\/wp-json\/wp\/v2\/product_brand?post=23000"},{"taxonomy":"product_cat","embeddable":true,"href":"https:\/\/farmaciacrisia.ro\/fr\/wp-json\/wp\/v2\/product_cat?post=23000"},{"taxonomy":"product_tag","embeddable":true,"href":"https:\/\/farmaciacrisia.ro\/fr\/wp-json\/wp\/v2\/product_tag?post=23000"}],"curies":[{"name":"wp","href":"https:\/\/api.w.org\/{rel}","templated":true}]}}