{"id":23010,"date":"2026-04-20T10:56:31","date_gmt":"2026-04-20T10:56:31","guid":{"rendered":"https:\/\/farmaciacrisia.ro\/?post_type=product&#038;p=23010"},"modified":"2026-04-20T11:20:50","modified_gmt":"2026-04-20T11:20:50","slug":"vea-filme-nasale-x20-ml","status":"publish","type":"product","link":"https:\/\/farmaciacrisia.ro\/fr\/produit\/vea-filme-nasale-x20-ml\/","title":{"rendered":"VEA Filme Nasale x20 ml"},"content":{"rendered":"","protected":false},"excerpt":{"rendered":"<p><strong>VEA FILME NASALE<\/strong>\u00a0este recomandat pentru disconfort, senza\u021bie de arsur\u0103, m\u00e2nc\u0103rime, ro\u0219ea\u021b\u0103, irita\u021bie care rezult\u0103 din secre\u021bie nazal\u0103 slab\u0103 sau absent\u0103, indus\u0103 de factori externi, cum ar fi stresul fizic, produse chimice, menopauza, factori de mediu, interven\u021bii chirurgicale, medica\u021bie topic\u0103, sp\u0103l\u0103turi nazale, rinit\u0103 atrofic\u0103 sau alergii.<\/p>","protected":false},"featured_media":23011,"template":"","meta":[],"product_brand":[],"product_cat":[15],"product_tag":[],"class_list":{"0":"post-23010","1":"product","2":"type-product","3":"status-publish","4":"has-post-thumbnail","6":"product_cat-uncategorized","8":"first","9":"instock","10":"shipping-taxable","11":"purchasable","12":"product-type-simple"},"_links":{"self":[{"href":"https:\/\/farmaciacrisia.ro\/fr\/wp-json\/wp\/v2\/product\/23010","targetHints":{"allow":["GET"]}}],"collection":[{"href":"https:\/\/farmaciacrisia.ro\/fr\/wp-json\/wp\/v2\/product"}],"about":[{"href":"https:\/\/farmaciacrisia.ro\/fr\/wp-json\/wp\/v2\/types\/product"}],"version-history":[{"count":2,"href":"https:\/\/farmaciacrisia.ro\/fr\/wp-json\/wp\/v2\/product\/23010\/revisions"}],"predecessor-version":[{"id":23022,"href":"https:\/\/farmaciacrisia.ro\/fr\/wp-json\/wp\/v2\/product\/23010\/revisions\/23022"}],"wp:featuredmedia":[{"embeddable":true,"href":"https:\/\/farmaciacrisia.ro\/fr\/wp-json\/wp\/v2\/media\/23011"}],"wp:attachment":[{"href":"https:\/\/farmaciacrisia.ro\/fr\/wp-json\/wp\/v2\/media?parent=23010"}],"wp:term":[{"taxonomy":"product_brand","embeddable":true,"href":"https:\/\/farmaciacrisia.ro\/fr\/wp-json\/wp\/v2\/product_brand?post=23010"},{"taxonomy":"product_cat","embeddable":true,"href":"https:\/\/farmaciacrisia.ro\/fr\/wp-json\/wp\/v2\/product_cat?post=23010"},{"taxonomy":"product_tag","embeddable":true,"href":"https:\/\/farmaciacrisia.ro\/fr\/wp-json\/wp\/v2\/product_tag?post=23010"}],"curies":[{"name":"wp","href":"https:\/\/api.w.org\/{rel}","templated":true}]}}