{"id":23032,"date":"2026-04-20T11:30:19","date_gmt":"2026-04-20T11:30:19","guid":{"rendered":"https:\/\/farmaciacrisia.ro\/?post_type=product&#038;p=23032"},"modified":"2026-04-20T11:33:28","modified_gmt":"2026-04-20T11:33:28","slug":"vea-mix-spray-de-corp-antioxidant","status":"publish","type":"product","link":"https:\/\/farmaciacrisia.ro\/fr\/produit\/vea-mix-spray-de-corp-antioxidant\/","title":{"rendered":"VEA MIX SPRAY DE CORP ANTIOXIDANT"},"content":{"rendered":"","protected":false},"excerpt":{"rendered":"<p><strong>VEA MIX<\/strong> spray de corp este o combina\u021bie inovatoare de vitamine (A, C, E, F) \u0219i antioxidan\u021bi (coenzima Q10 \u0219i acidul lipoic), care asigur\u0103 buna func\u021bionare a celulelor cutanate. Este un spray cu spectru larg de aplicare, protejeaz\u0103 pielea de efectele radicalilor liberi \u0219i previne semnele precoce ale \u00eemb\u0103tr\u00e2nirii. Hidrateaz\u0103 \u0219i hr\u0103ne\u0219te pielea, calmeaz\u0103 irita\u021biile. \u00cembog\u0103\u021bit cu vitamine pentru a reduce apari\u021bia ridurilor fine.<br data-start=\"431\" data-end=\"434\" \/>F\u0103r\u0103 ap\u0103, conservan\u021bi, parabeni, parfum, coloran\u021bi, pentru a minimiza riscurile de reac\u021bii alergice.<\/p>","protected":false},"featured_media":23034,"template":"","meta":[],"product_brand":[],"product_cat":[15],"product_tag":[],"class_list":{"0":"post-23032","1":"product","2":"type-product","3":"status-publish","4":"has-post-thumbnail","6":"product_cat-uncategorized","8":"first","9":"instock","10":"shipping-taxable","11":"purchasable","12":"product-type-simple"},"_links":{"self":[{"href":"https:\/\/farmaciacrisia.ro\/fr\/wp-json\/wp\/v2\/product\/23032","targetHints":{"allow":["GET"]}}],"collection":[{"href":"https:\/\/farmaciacrisia.ro\/fr\/wp-json\/wp\/v2\/product"}],"about":[{"href":"https:\/\/farmaciacrisia.ro\/fr\/wp-json\/wp\/v2\/types\/product"}],"version-history":[{"count":1,"href":"https:\/\/farmaciacrisia.ro\/fr\/wp-json\/wp\/v2\/product\/23032\/revisions"}],"predecessor-version":[{"id":23035,"href":"https:\/\/farmaciacrisia.ro\/fr\/wp-json\/wp\/v2\/product\/23032\/revisions\/23035"}],"wp:featuredmedia":[{"embeddable":true,"href":"https:\/\/farmaciacrisia.ro\/fr\/wp-json\/wp\/v2\/media\/23034"}],"wp:attachment":[{"href":"https:\/\/farmaciacrisia.ro\/fr\/wp-json\/wp\/v2\/media?parent=23032"}],"wp:term":[{"taxonomy":"product_brand","embeddable":true,"href":"https:\/\/farmaciacrisia.ro\/fr\/wp-json\/wp\/v2\/product_brand?post=23032"},{"taxonomy":"product_cat","embeddable":true,"href":"https:\/\/farmaciacrisia.ro\/fr\/wp-json\/wp\/v2\/product_cat?post=23032"},{"taxonomy":"product_tag","embeddable":true,"href":"https:\/\/farmaciacrisia.ro\/fr\/wp-json\/wp\/v2\/product_tag?post=23032"}],"curies":[{"name":"wp","href":"https:\/\/api.w.org\/{rel}","templated":true}]}}