{"id":23045,"date":"2026-04-20T11:43:53","date_gmt":"2026-04-20T11:43:53","guid":{"rendered":"https:\/\/farmaciacrisia.ro\/?post_type=product&#038;p=23045"},"modified":"2026-04-20T11:46:21","modified_gmt":"2026-04-20T11:46:21","slug":"vea-zinco-pasta-protectoare","status":"publish","type":"product","link":"https:\/\/farmaciacrisia.ro\/fr\/produit\/vea-zinco-pasta-protectoare\/","title":{"rendered":"VEA ZINCO Pasta protectoare"},"content":{"rendered":"","protected":false},"excerpt":{"rendered":"<p><strong>VEA ZINCO<\/strong>\u00a0este o past\u0103 protectoare care, prin formula sa inovatoare cu con\u021binut ridicat de oxid de zinc \u00eembog\u0103\u021bit cu VEA Olio (vitamina E \u00een stare pur\u0103), reface eficient bariera cutanat\u0103 \u0219i asigur\u0103 protec\u021bie \u00eempotriva razelor UV.<br data-start=\"246\" data-end=\"249\" \/>F\u0103r\u0103 parfum, conservan\u021bi, coloran\u021bi, alcool, parabeni.<\/p>","protected":false},"featured_media":23046,"template":"","meta":[],"product_brand":[],"product_cat":[15],"product_tag":[],"class_list":{"0":"post-23045","1":"product","2":"type-product","3":"status-publish","4":"has-post-thumbnail","6":"product_cat-uncategorized","8":"first","9":"instock","10":"shipping-taxable","11":"purchasable","12":"product-type-simple"},"_links":{"self":[{"href":"https:\/\/farmaciacrisia.ro\/fr\/wp-json\/wp\/v2\/product\/23045","targetHints":{"allow":["GET"]}}],"collection":[{"href":"https:\/\/farmaciacrisia.ro\/fr\/wp-json\/wp\/v2\/product"}],"about":[{"href":"https:\/\/farmaciacrisia.ro\/fr\/wp-json\/wp\/v2\/types\/product"}],"version-history":[{"count":1,"href":"https:\/\/farmaciacrisia.ro\/fr\/wp-json\/wp\/v2\/product\/23045\/revisions"}],"predecessor-version":[{"id":23048,"href":"https:\/\/farmaciacrisia.ro\/fr\/wp-json\/wp\/v2\/product\/23045\/revisions\/23048"}],"wp:featuredmedia":[{"embeddable":true,"href":"https:\/\/farmaciacrisia.ro\/fr\/wp-json\/wp\/v2\/media\/23046"}],"wp:attachment":[{"href":"https:\/\/farmaciacrisia.ro\/fr\/wp-json\/wp\/v2\/media?parent=23045"}],"wp:term":[{"taxonomy":"product_brand","embeddable":true,"href":"https:\/\/farmaciacrisia.ro\/fr\/wp-json\/wp\/v2\/product_brand?post=23045"},{"taxonomy":"product_cat","embeddable":true,"href":"https:\/\/farmaciacrisia.ro\/fr\/wp-json\/wp\/v2\/product_cat?post=23045"},{"taxonomy":"product_tag","embeddable":true,"href":"https:\/\/farmaciacrisia.ro\/fr\/wp-json\/wp\/v2\/product_tag?post=23045"}],"curies":[{"name":"wp","href":"https:\/\/api.w.org\/{rel}","templated":true}]}}