{"id":23134,"date":"2026-05-04T13:12:48","date_gmt":"2026-05-04T13:12:48","guid":{"rendered":"https:\/\/farmaciacrisia.ro\/?post_type=product&#038;p=23134"},"modified":"2026-05-05T09:03:21","modified_gmt":"2026-05-05T09:03:21","slug":"marimer-baby-hipertonic-spray-nazal-x-100-ml","status":"publish","type":"product","link":"https:\/\/farmaciacrisia.ro\/fr\/produit\/marimer-baby-hipertonic-spray-nazal-x-100-ml\/","title":{"rendered":"Marimer baby hipertonic spray nazal x 100 ml"},"content":{"rendered":"","protected":false},"excerpt":{"rendered":"<p><strong>Marimer Baby hipertonic <\/strong>spray nazal este o solu\u021bie natural\u0103 pe baz\u0103 de ap\u0103 de mare, special formulat\u0103 pentru igiena zilnic\u0103 \u0219i decongestionarea delicat\u0103 a c\u0103ilor nazale la bebelu\u0219i \u0219i copii mici. Datorit\u0103 formulei sale hipertonice, bogat\u0103 \u00een s\u0103ruri minerale \u0219i oligoelemente marine, acest spray ajut\u0103 eficient la fluidizarea secre\u021biilor nazale \u0219i la eliberarea respira\u021biei, fiind ideal \u00een perioadele de r\u0103ceal\u0103 sau congestie nazal\u0103.<\/p>","protected":false},"featured_media":23061,"template":"","meta":[],"product_brand":[],"product_cat":[15],"product_tag":[],"class_list":{"0":"post-23134","1":"product","2":"type-product","3":"status-publish","4":"has-post-thumbnail","6":"product_cat-uncategorized","8":"first","9":"instock","10":"shipping-taxable","11":"purchasable","12":"product-type-simple"},"_links":{"self":[{"href":"https:\/\/farmaciacrisia.ro\/fr\/wp-json\/wp\/v2\/product\/23134","targetHints":{"allow":["GET"]}}],"collection":[{"href":"https:\/\/farmaciacrisia.ro\/fr\/wp-json\/wp\/v2\/product"}],"about":[{"href":"https:\/\/farmaciacrisia.ro\/fr\/wp-json\/wp\/v2\/types\/product"}],"version-history":[{"count":1,"href":"https:\/\/farmaciacrisia.ro\/fr\/wp-json\/wp\/v2\/product\/23134\/revisions"}],"predecessor-version":[{"id":23135,"href":"https:\/\/farmaciacrisia.ro\/fr\/wp-json\/wp\/v2\/product\/23134\/revisions\/23135"}],"wp:featuredmedia":[{"embeddable":true,"href":"https:\/\/farmaciacrisia.ro\/fr\/wp-json\/wp\/v2\/media\/23061"}],"wp:attachment":[{"href":"https:\/\/farmaciacrisia.ro\/fr\/wp-json\/wp\/v2\/media?parent=23134"}],"wp:term":[{"taxonomy":"product_brand","embeddable":true,"href":"https:\/\/farmaciacrisia.ro\/fr\/wp-json\/wp\/v2\/product_brand?post=23134"},{"taxonomy":"product_cat","embeddable":true,"href":"https:\/\/farmaciacrisia.ro\/fr\/wp-json\/wp\/v2\/product_cat?post=23134"},{"taxonomy":"product_tag","embeddable":true,"href":"https:\/\/farmaciacrisia.ro\/fr\/wp-json\/wp\/v2\/product_tag?post=23134"}],"curies":[{"name":"wp","href":"https:\/\/api.w.org\/{rel}","templated":true}]}}