{"id":23151,"date":"2026-05-05T08:50:41","date_gmt":"2026-05-05T08:50:41","guid":{"rendered":"https:\/\/farmaciacrisia.ro\/?post_type=product&#038;p=23151"},"modified":"2026-05-12T08:12:52","modified_gmt":"2026-05-12T08:12:52","slug":"marimer-hipertonic-decongestionant-spray-x100ml","status":"publish","type":"product","link":"https:\/\/farmaciacrisia.ro\/fr\/produit\/marimer-hipertonic-decongestionant-spray-x100ml\/","title":{"rendered":"Marimer hipertonic decongestionant spray x100ml"},"content":{"rendered":"","protected":false},"excerpt":{"rendered":"<p><strong>Marimer Hipertonic Decongestionant <\/strong>spray nazal este o solu\u021bie eficient\u0103 pe baz\u0103 de ap\u0103 de mare, conceput\u0103 pentru igiena zilnic\u0103 a nasului \u0219i pentru ameliorarea congestiei nazale. Bogat \u00een s\u0103ruri minerale \u0219i oligoelemente marine, acest spray ajut\u0103 la cur\u0103\u021barea delicat\u0103 a foselor nazale \u0219i la eliminarea secre\u021biilor, contribuind la o respira\u021bie mai u\u0219oar\u0103.<\/p>","protected":false},"featured_media":23152,"template":"","meta":[],"product_brand":[],"product_cat":[15],"product_tag":[],"class_list":{"0":"post-23151","1":"product","2":"type-product","3":"status-publish","4":"has-post-thumbnail","6":"product_cat-uncategorized","8":"first","9":"instock","10":"shipping-taxable","11":"purchasable","12":"product-type-simple"},"_links":{"self":[{"href":"https:\/\/farmaciacrisia.ro\/fr\/wp-json\/wp\/v2\/product\/23151","targetHints":{"allow":["GET"]}}],"collection":[{"href":"https:\/\/farmaciacrisia.ro\/fr\/wp-json\/wp\/v2\/product"}],"about":[{"href":"https:\/\/farmaciacrisia.ro\/fr\/wp-json\/wp\/v2\/types\/product"}],"version-history":[{"count":1,"href":"https:\/\/farmaciacrisia.ro\/fr\/wp-json\/wp\/v2\/product\/23151\/revisions"}],"predecessor-version":[{"id":23153,"href":"https:\/\/farmaciacrisia.ro\/fr\/wp-json\/wp\/v2\/product\/23151\/revisions\/23153"}],"wp:featuredmedia":[{"embeddable":true,"href":"https:\/\/farmaciacrisia.ro\/fr\/wp-json\/wp\/v2\/media\/23152"}],"wp:attachment":[{"href":"https:\/\/farmaciacrisia.ro\/fr\/wp-json\/wp\/v2\/media?parent=23151"}],"wp:term":[{"taxonomy":"product_brand","embeddable":true,"href":"https:\/\/farmaciacrisia.ro\/fr\/wp-json\/wp\/v2\/product_brand?post=23151"},{"taxonomy":"product_cat","embeddable":true,"href":"https:\/\/farmaciacrisia.ro\/fr\/wp-json\/wp\/v2\/product_cat?post=23151"},{"taxonomy":"product_tag","embeddable":true,"href":"https:\/\/farmaciacrisia.ro\/fr\/wp-json\/wp\/v2\/product_tag?post=23151"}],"curies":[{"name":"wp","href":"https:\/\/api.w.org\/{rel}","templated":true}]}}