{"id":23157,"date":"2026-05-05T08:55:31","date_gmt":"2026-05-05T08:55:31","guid":{"rendered":"https:\/\/farmaciacrisia.ro\/?post_type=product&#038;p=23157"},"modified":"2026-05-12T08:14:41","modified_gmt":"2026-05-12T08:14:41","slug":"marimer-inhalatii-solutie-hipertonica-x30","status":"publish","type":"product","link":"https:\/\/farmaciacrisia.ro\/fr\/produit\/marimer-inhalatii-solutie-hipertonica-x30\/","title":{"rendered":"Marimer inhalatii &#8211; solutie hipertonica x30"},"content":{"rendered":"","protected":false},"excerpt":{"rendered":"<p><strong>Marimer Inhala\u021bii <\/strong>este o solu\u021bie salin\u0103 hipertonic\u0103 pe baz\u0103 de ap\u0103 de mare 100% natural\u0103, special conceput\u0103 pentru terapia cu aerosoli \u0219i inhal\u0103ri, contribuind la \u00eembun\u0103t\u0103\u021birea func\u021biei respiratorii. Formula sa steril\u0103 \u0219i bogat\u0103 \u00een s\u0103ruri minerale \u0219i oligoelemente marine ajut\u0103 la hidratarea, calmarea \u0219i decongestionarea c\u0103ilor respiratorii.<\/p>","protected":false},"featured_media":23158,"template":"","meta":[],"product_brand":[],"product_cat":[15],"product_tag":[],"class_list":{"0":"post-23157","1":"product","2":"type-product","3":"status-publish","4":"has-post-thumbnail","6":"product_cat-uncategorized","8":"first","9":"instock","10":"shipping-taxable","11":"purchasable","12":"product-type-simple"},"_links":{"self":[{"href":"https:\/\/farmaciacrisia.ro\/fr\/wp-json\/wp\/v2\/product\/23157","targetHints":{"allow":["GET"]}}],"collection":[{"href":"https:\/\/farmaciacrisia.ro\/fr\/wp-json\/wp\/v2\/product"}],"about":[{"href":"https:\/\/farmaciacrisia.ro\/fr\/wp-json\/wp\/v2\/types\/product"}],"version-history":[{"count":2,"href":"https:\/\/farmaciacrisia.ro\/fr\/wp-json\/wp\/v2\/product\/23157\/revisions"}],"predecessor-version":[{"id":23212,"href":"https:\/\/farmaciacrisia.ro\/fr\/wp-json\/wp\/v2\/product\/23157\/revisions\/23212"}],"wp:featuredmedia":[{"embeddable":true,"href":"https:\/\/farmaciacrisia.ro\/fr\/wp-json\/wp\/v2\/media\/23158"}],"wp:attachment":[{"href":"https:\/\/farmaciacrisia.ro\/fr\/wp-json\/wp\/v2\/media?parent=23157"}],"wp:term":[{"taxonomy":"product_brand","embeddable":true,"href":"https:\/\/farmaciacrisia.ro\/fr\/wp-json\/wp\/v2\/product_brand?post=23157"},{"taxonomy":"product_cat","embeddable":true,"href":"https:\/\/farmaciacrisia.ro\/fr\/wp-json\/wp\/v2\/product_cat?post=23157"},{"taxonomy":"product_tag","embeddable":true,"href":"https:\/\/farmaciacrisia.ro\/fr\/wp-json\/wp\/v2\/product_tag?post=23157"}],"curies":[{"name":"wp","href":"https:\/\/api.w.org\/{rel}","templated":true}]}}